{"id":744,"date":"2026-04-02T17:21:11","date_gmt":"2026-04-02T17:21:11","guid":{"rendered":"http:\/\/tecnotam-site-novo.local\/?page_id=744"},"modified":"2026-04-27T19:32:27","modified_gmt":"2026-04-27T19:32:27","slug":"tintas-e-vernizes","status":"publish","type":"page","link":"https:\/\/staging.letrade.com.br\/tecnotam\/tintas-e-vernizes\/","title":{"rendered":"Tintas e Vernizes"},"content":{"rendered":"\t\t<div data-elementor-type=\"wp-page\" data-elementor-id=\"744\" class=\"elementor elementor-744\" data-elementor-post-type=\"page\">\n\t\t\t\t<div class=\"elementor-element elementor-element-2ee808f9 e-flex e-con-boxed e-con e-parent\" data-id=\"2ee808f9\" data-element_type=\"container\" data-e-type=\"container\" data-settings=\"{&quot;background_background&quot;:&quot;classic&quot;}\">\n\t\t\t\t\t<div class=\"e-con-inner\">\n\t\t\t\t<div class=\"elementor-element elementor-element-13e8e243 elementor-widget elementor-widget-text-editor\" data-id=\"13e8e243\" data-element_type=\"widget\" data-e-type=\"widget\" data-widget_type=\"text-editor.default\">\n\t\t\t\t\t\t\t\t\t<p>solu\u00e7\u00f5es para tintas e vernizes<\/p>\t\t\t\t\t\t\t\t<\/div>\n\t\t\t\t<div class=\"elementor-element elementor-element-3d93a68c elementor-widget__width-initial elementor-widget elementor-widget-heading\" data-id=\"3d93a68c\" data-element_type=\"widget\" data-e-type=\"widget\" data-widget_type=\"heading.default\">\n\t\t\t\t\t<h1 class=\"elementor-heading-title elementor-size-default\">Solu\u00e7\u00f5es Completas em Embalagens para o Setor de Tintas e Vernizes.<\/h1>\t\t\t\t<\/div>\n\t\t\t\t<div class=\"elementor-element elementor-element-4281f93c elementor-widget__width-initial elementor-widget elementor-widget-text-editor\" data-id=\"4281f93c\" data-element_type=\"widget\" data-e-type=\"widget\" data-widget_type=\"text-editor.default\">\n\t\t\t\t\t\t\t\t\t<p><span style=\"font-weight: 400;\">Seguran\u00e7a, estanqueidade e m\u00e1xima efici\u00eancia no envase de solventes, resinas e revestimentos.<\/span><\/p>\t\t\t\t\t\t\t\t<\/div>\n\t\t\t\t<div class=\"elementor-element elementor-element-5099aead elementor-widget elementor-widget-button\" data-id=\"5099aead\" data-element_type=\"widget\" data-e-type=\"widget\" data-widget_type=\"button.default\">\n\t\t\t\t\t\t\t\t\t\t<a class=\"elementor-button elementor-button-link elementor-size-sm\" href=\"#\">\n\t\t\t\t\t\t<span class=\"elementor-button-content-wrapper\">\n\t\t\t\t\t\t<span class=\"elementor-button-icon\">\n\t\t\t\t<svg aria-hidden=\"true\" class=\"e-font-icon-svg e-far-comment\" viewBox=\"0 0 512 512\" xmlns=\"http:\/\/www.w3.org\/2000\/svg\"><path d=\"M256 32C114.6 32 0 125.1 0 240c0 47.6 19.9 91.2 52.9 126.3C38 405.7 7 439.1 6.5 439.5c-6.6 7-8.4 17.2-4.6 26S14.4 480 24 480c61.5 0 110-25.7 139.1-46.3C192 442.8 223.2 448 256 448c141.4 0 256-93.1 256-208S397.4 32 256 32zm0 368c-26.7 0-53.1-4.1-78.4-12.1l-22.7-7.2-19.5 13.8c-14.3 10.1-33.9 21.4-57.5 29 7.3-12.1 14.4-25.7 19.9-40.2l10.6-28.1-20.6-21.8C69.7 314.1 48 282.2 48 240c0-88.2 93.3-160 208-160s208 71.8 208 160-93.3 160-208 160z\"><\/path><\/svg>\t\t\t<\/span>\n\t\t\t\t\t\t\t\t\t<span class=\"elementor-button-text\">Falar com o consultor especialista<\/span>\n\t\t\t\t\t<\/span>\n\t\t\t\t\t<\/a>\n\t\t\t\t\t\t\t\t<\/div>\n\t\t\t\t\t<\/div>\n\t\t\t\t<\/div>\n\t\t<div class=\"elementor-element elementor-element-60223722 e-flex e-con-boxed e-con e-parent\" data-id=\"60223722\" data-element_type=\"container\" data-e-type=\"container\">\n\t\t\t\t\t<div class=\"e-con-inner\">\n\t\t\t\t<div class=\"elementor-element elementor-element-19de539d elementor-widget elementor-widget-heading\" data-id=\"19de539d\" data-element_type=\"widget\" data-e-type=\"widget\" data-widget_type=\"heading.default\">\n\t\t\t\t\t<h2 class=\"elementor-heading-title elementor-size-default\">Os pilares da solu\u00e7\u00e3o<\/h2>\t\t\t\t<\/div>\n\t\t\t\t<div class=\"elementor-element elementor-element-27f02b44 elementor-widget__width-initial elementor-widget-mobile__width-initial elementor-widget elementor-widget-text-editor\" data-id=\"27f02b44\" data-element_type=\"widget\" data-e-type=\"widget\" data-widget_type=\"text-editor.default\">\n\t\t\t\t\t\t\t\t\t<p><span style=\"font-weight: 400;\">O mercado de tintas e vernizes exige precis\u00e3o. Entendemos que qualquer contamina\u00e7\u00e3o ou falha na veda\u00e7\u00e3o pode comprometer lotes inteiros. Por isso, oferecemos um portf\u00f3lio robusto que combina a resist\u00eancia qu\u00edmica dos IBCs Tecnobulk com a versatilidade dos tambores met\u00e1licos revestidos. Nossa solu\u00e7\u00e3o foca no desperd\u00edcio zero e na seguran\u00e7a total durante o transporte de inflam\u00e1veis.<\/span><\/p>\t\t\t\t\t\t\t\t<\/div>\n\t\t<div class=\"elementor-element elementor-element-2bd1e02a e-con-full e-flex e-con e-child\" data-id=\"2bd1e02a\" data-element_type=\"container\" data-e-type=\"container\" data-settings=\"{&quot;background_background&quot;:&quot;classic&quot;}\">\n\t\t\t\t<div class=\"elementor-element elementor-element-3c09d7ee elementor-widget__width-inherit elementor-widget elementor-widget-heading\" data-id=\"3c09d7ee\" data-element_type=\"widget\" data-e-type=\"widget\" data-widget_type=\"heading.default\">\n\t\t\t\t\t<h1 class=\"elementor-heading-title elementor-size-default\">Linha Tecnobulk (IBCs)<\/h1>\t\t\t\t<\/div>\n\t\t\t\t<div class=\"elementor-element elementor-element-1d875111 elementor-widget__width-initial elementor-widget elementor-widget-image\" data-id=\"1d875111\" data-element_type=\"widget\" data-e-type=\"widget\" data-widget_type=\"image.default\">\n\t\t\t\t\t\t\t\t\t\t\t\t\t\t\t<img fetchpriority=\"high\" decoding=\"async\" width=\"800\" height=\"854\" src=\"https:\/\/staging.letrade.com.br\/tecnotam\/wp-content\/uploads\/2026\/03\/ibc-novo-palete-de-aco-959x1024.webp\" class=\"attachment-large size-large wp-image-48\" alt=\"\" srcset=\"https:\/\/staging.letrade.com.br\/tecnotam\/wp-content\/uploads\/2026\/03\/ibc-novo-palete-de-aco-959x1024.webp 959w, https:\/\/staging.letrade.com.br\/tecnotam\/wp-content\/uploads\/2026\/03\/ibc-novo-palete-de-aco-281x300.webp 281w, https:\/\/staging.letrade.com.br\/tecnotam\/wp-content\/uploads\/2026\/03\/ibc-novo-palete-de-aco-768x820.webp 768w, https:\/\/staging.letrade.com.br\/tecnotam\/wp-content\/uploads\/2026\/03\/ibc-novo-palete-de-aco-1438x1536.webp 1438w, https:\/\/staging.letrade.com.br\/tecnotam\/wp-content\/uploads\/2026\/03\/ibc-novo-palete-de-aco-1917x2048.webp 1917w\" sizes=\"(max-width: 800px) 100vw, 800px\" \/>\t\t\t\t\t\t\t\t\t\t\t\t\t\t\t<\/div>\n\t\t\t\t<div class=\"elementor-element elementor-element-d7c3ed5 elementor-widget__width-initial elementor-widget-mobile__width-inherit elementor-widget elementor-widget-text-editor\" data-id=\"d7c3ed5\" data-element_type=\"widget\" data-e-type=\"widget\" data-widget_type=\"text-editor.default\">\n\t\t\t\t\t\t\t\t\t<ul><li style=\"font-weight: 400;\" aria-level=\"1\"><b>Foco:<\/b><span style=\"font-weight: 400;\"> Grandes volumes (1.000L) e otimiza\u00e7\u00e3o de espa\u00e7o.<\/span><\/li><li style=\"font-weight: 400;\" aria-level=\"1\"><b>Destaques:<\/b><ul><li style=\"font-weight: 400;\" aria-level=\"2\"><span style=\"font-weight: 400;\">Homologa\u00e7\u00e3o para densidade de at\u00e9 <\/span><b>1.9<\/b><span style=\"font-weight: 400;\"> (A\u00e7o) e <\/span><b>1.6<\/b><span style=\"font-weight: 400;\"> (Madeira).<\/span><\/li><li style=\"font-weight: 400;\" aria-level=\"2\"><span style=\"font-weight: 400;\">Modelos Antiest\u00e1ticos (EX) para \u00e1reas inflam\u00e1veis.<\/span><\/li><li style=\"font-weight: 400;\" aria-level=\"2\"><span style=\"font-weight: 400;\">Estrutura em a\u00e7o galvanizado ultra resistente.<\/span><\/li><\/ul><\/li><\/ul>\t\t\t\t\t\t\t\t<\/div>\n\t\t\t\t<\/div>\n\t\t<div class=\"elementor-element elementor-element-4a571d9e e-con-full e-flex e-con e-child\" data-id=\"4a571d9e\" data-element_type=\"container\" data-e-type=\"container\" data-settings=\"{&quot;background_background&quot;:&quot;classic&quot;}\">\n\t\t\t\t<div class=\"elementor-element elementor-element-2d1cafed elementor-widget__width-inherit elementor-widget elementor-widget-heading\" data-id=\"2d1cafed\" data-element_type=\"widget\" data-e-type=\"widget\" data-widget_type=\"heading.default\">\n\t\t\t\t\t<h1 class=\"elementor-heading-title elementor-size-default\">Linha de Tambores (200L)<\/h1>\t\t\t\t<\/div>\n\t\t\t\t<div class=\"elementor-element elementor-element-17617ca5 elementor-widget__width-initial elementor-widget elementor-widget-image\" data-id=\"17617ca5\" data-element_type=\"widget\" data-e-type=\"widget\" data-widget_type=\"image.default\">\n\t\t\t\t\t\t\t\t\t\t\t\t\t\t\t<img decoding=\"async\" width=\"310\" height=\"419\" src=\"https:\/\/staging.letrade.com.br\/tecnotam\/wp-content\/uploads\/2026\/03\/tambores.webp\" class=\"attachment-large size-large wp-image-87\" alt=\"\" srcset=\"https:\/\/staging.letrade.com.br\/tecnotam\/wp-content\/uploads\/2026\/03\/tambores.webp 310w, https:\/\/staging.letrade.com.br\/tecnotam\/wp-content\/uploads\/2026\/03\/tambores-222x300.webp 222w\" sizes=\"(max-width: 310px) 100vw, 310px\" \/>\t\t\t\t\t\t\t\t\t\t\t\t\t\t\t<\/div>\n\t\t\t\t<div class=\"elementor-element elementor-element-666975a8 elementor-widget__width-initial elementor-widget-mobile__width-inherit elementor-widget elementor-widget-text-editor\" data-id=\"666975a8\" data-element_type=\"widget\" data-e-type=\"widget\" data-widget_type=\"text-editor.default\">\n\t\t\t\t\t\t\t\t\t<ul><li style=\"font-weight: 400;\" aria-level=\"1\"><b>Foco:<\/b><span style=\"font-weight: 400;\"> Fracionamento, amostras e envase especializado.<\/span><\/li><li style=\"font-weight: 400;\" aria-level=\"1\"><b>Destaques:<\/b><ul><li style=\"font-weight: 400;\" aria-level=\"2\"><b>Tambores Met\u00e1licos:<\/b><span style=\"font-weight: 400;\"> Com revestimento interno (Verniz\/Ep\u00f3xi) para solventes e qu\u00edmicos agressivos.<br \/><\/span><\/li><li><span style=\"font-weight: 400;\">Op\u00e7\u00f5es de tampa fixa ou remov\u00edvel, atendendo normas internacionais.<br \/><br \/><\/span><\/li><li style=\"font-weight: 400;\" aria-level=\"2\"><b>Bombonas (PEAD):<\/b><span style=\"font-weight: 400;\"> Inertes e resistentes a corrosivos.<\/span><\/li><\/ul><\/li><\/ul>\t\t\t\t\t\t\t\t<\/div>\n\t\t\t\t<\/div>\n\t\t\t\t\t<\/div>\n\t\t\t\t<\/div>\n\t\t<div class=\"elementor-element elementor-element-2ac29038 e-flex e-con-boxed e-con e-parent\" data-id=\"2ac29038\" data-element_type=\"container\" data-e-type=\"container\" data-settings=\"{&quot;background_background&quot;:&quot;classic&quot;}\">\n\t\t\t\t\t<div class=\"e-con-inner\">\n\t\t\t\t<div class=\"elementor-element elementor-element-782eebc elementor-widget__width-inherit elementor-widget elementor-widget-heading\" data-id=\"782eebc\" data-element_type=\"widget\" data-e-type=\"widget\" data-widget_type=\"heading.default\">\n\t\t\t\t\t<h2 class=\"elementor-heading-title elementor-size-default\">Aplica\u00e7\u00f5es e Diferenciais T\u00e9cnicos<\/h2>\t\t\t\t<\/div>\n\t\t<div class=\"elementor-element elementor-element-4c6818d3 e-con-full e-flex e-con e-child\" data-id=\"4c6818d3\" data-element_type=\"container\" data-e-type=\"container\" data-settings=\"{&quot;background_background&quot;:&quot;classic&quot;}\">\n\t\t\t\t<div class=\"elementor-element elementor-element-78b9d364 elementor-view-default elementor-widget elementor-widget-icon\" data-id=\"78b9d364\" data-element_type=\"widget\" data-e-type=\"widget\" data-widget_type=\"icon.default\">\n\t\t\t\t\t\t\t<div class=\"elementor-icon-wrapper\">\n\t\t\t<div class=\"elementor-icon\">\n\t\t\t<svg xmlns=\"http:\/\/www.w3.org\/2000\/svg\" id=\"Capa_1\" viewBox=\"0 0 512 512\"><g id=\"Page-1\"><g id=\"body_care_export\"><path id=\"molecule_x2C_-cell_x2C_-bio_x2C_-organic_x2C_-chemistry\" d=\"M406.4,386.4l-188.1,108.6c-4.7,2.7-10.4,2.7-15.1,0L7.5,382C2.9,379.3,0,374.4,0,369v-225.9c0-5.4,2.9-10.4,7.5-13L203.2,17c4.7-2.7,10.4-2.7,15.1,0l188.1,108.6,83-48.3c7.2-4.2,16.4-1.8,20.6,5.4s1.8,16.4-5.4,20.6l-83,48.4v208.6l83,48.4c7.2,4.2,9.6,13.4,5.4,20.6s-13.4,9.6-20.6,5.4l-83-48.3ZM210.7,47.4L30.1,151.7v208.6l180.6,104.3,180.6-104.3v-208.6L210.7,47.4ZM323.7,180.7c0-8.3,6.7-15.1,15.1-15.1s15.1,6.7,15.1,15.1v150.6c0,8.3-6.7,15.1-15.1,15.1s-15.1-6.7-15.1-15.1v-150.6ZM218.3,393.6c7.2,4.2,9.7,13.4,5.5,20.6-4.2,7.2-13.4,9.7-20.6,5.5l-130.4-75.3c-7.2-4.2-9.7-13.4-5.5-20.6,4.2-7.2,13.4-9.7,20.6-5.5l130.4,75.3ZM87.8,193.7c-7.2,4.2-16.4,1.7-20.6-5.5s-1.7-16.4,5.5-20.6l130.4-75.3c7.2-4.2,16.4-1.7,20.6,5.5s1.7,16.4-5.5,20.6l-130.4,75.3Z\"><\/path><\/g><\/g><\/svg>\t\t\t<\/div>\n\t\t<\/div>\n\t\t\t\t\t\t<\/div>\n\t\t\t\t<div class=\"elementor-element elementor-element-18aed653 elementor-widget elementor-widget-heading\" data-id=\"18aed653\" data-element_type=\"widget\" data-e-type=\"widget\" data-widget_type=\"heading.default\">\n\t\t\t\t\t<h2 class=\"elementor-heading-title elementor-size-default\">Compatibilidade Qu\u00edmica<\/h2>\t\t\t\t<\/div>\n\t\t\t\t<div class=\"elementor-element elementor-element-6111b618 elementor-widget elementor-widget-text-editor\" data-id=\"6111b618\" data-element_type=\"widget\" data-e-type=\"widget\" data-widget_type=\"text-editor.default\">\n\t\t\t\t\t\t\t\t\t<p><span style=\"font-weight: 400;\">Materiais testados para resistir a solventes arom\u00e1ticos e alif\u00e1ticos sem deforma\u00e7\u00e3o.<\/span><\/p>\t\t\t\t\t\t\t\t<\/div>\n\t\t\t\t<\/div>\n\t\t<div class=\"elementor-element elementor-element-43bab8c7 e-con-full e-flex e-con e-child\" data-id=\"43bab8c7\" data-element_type=\"container\" data-e-type=\"container\" data-settings=\"{&quot;background_background&quot;:&quot;classic&quot;}\">\n\t\t\t\t<div class=\"elementor-element elementor-element-14567a7f elementor-view-default elementor-widget elementor-widget-icon\" data-id=\"14567a7f\" data-element_type=\"widget\" data-e-type=\"widget\" data-widget_type=\"icon.default\">\n\t\t\t\t\t\t\t<div class=\"elementor-icon-wrapper\">\n\t\t\t<div class=\"elementor-icon\">\n\t\t\t<svg xmlns=\"http:\/\/www.w3.org\/2000\/svg\" xmlns:i=\"http:\/\/ns.adobe.com\/AdobeIllustrator\/10.0\/\" id=\"Layer_1\" viewBox=\"0 0 64 64\"><path d=\"M12,13c-5.5,0-10,4.5-10,10v12c0,5.5,4.5,10,10,10h6v4c0,1.1.9,2,2,2s2-.9,2-2v-14.9l3.5,3.8c.7.8,2,.9,2.8.1.8-.7.9-2,.1-2.8l-7-7.6c-.4-.4-.9-.6-1.5-.6s-1.1.2-1.5.6l-7,7.6c-.7.8-.7,2.1.1,2.8.8.7,2.1.7,2.8-.1l3.5-3.8v6.9h-6c-3.3,0-6-2.7-6-6v-12c0-3.3,2.7-6,6-6h40c3.3,0,6,2.7,6,6v12c0,3.3-2.7,6-6,6h-6v-6.9l3.5,3.8c.7.8,2,.9,2.8.1.8-.7.9-2,.1-2.8l-7-7.6c-.4-.4-.9-.6-1.5-.6s-1.1.2-1.5.6l-7,7.6c-.7.8-.7,2.1.1,2.8.8.7,2.1.7,2.8-.1l3.5-3.8v14.9c0,1.1.9,2,2,2s2-.9,2-2v-4h6c5.5,0,10-4.5,10-10v-12c0-5.5-4.5-10-10-10H12Z\"><\/path><path d=\"M17,21c-1.1,0-2,.9-2,2s.9,2,2,2h30c1.1,0,2-.9,2-2s-.9-2-2-2h-30Z\"><\/path><metadata><\/metadata><\/svg>\t\t\t<\/div>\n\t\t<\/div>\n\t\t\t\t\t\t<\/div>\n\t\t\t\t<div class=\"elementor-element elementor-element-504d7825 elementor-widget elementor-widget-heading\" data-id=\"504d7825\" data-element_type=\"widget\" data-e-type=\"widget\" data-widget_type=\"heading.default\">\n\t\t\t\t\t<h2 class=\"elementor-heading-title elementor-size-default\">Estanqueidade Total:<\/h2>\t\t\t\t<\/div>\n\t\t\t\t<div class=\"elementor-element elementor-element-5923de29 elementor-widget elementor-widget-text-editor\" data-id=\"5923de29\" data-element_type=\"widget\" data-e-type=\"widget\" data-widget_type=\"text-editor.default\">\n\t\t\t\t\t\t\t\t\t<p><span style=\"font-weight: 400;\">\u00a0Sistemas de veda\u00e7\u00e3o que impedem a entrada de ar e a forma\u00e7\u00e3o de &#8220;pele&#8221; (secagem precoce) no produto.<\/span><\/p>\t\t\t\t\t\t\t\t<\/div>\n\t\t\t\t<\/div>\n\t\t<div class=\"elementor-element elementor-element-f92436 e-con-full e-flex e-con e-child\" data-id=\"f92436\" data-element_type=\"container\" data-e-type=\"container\" data-settings=\"{&quot;background_background&quot;:&quot;classic&quot;}\">\n\t\t\t\t<div class=\"elementor-element elementor-element-1455012d elementor-view-default elementor-widget elementor-widget-icon\" data-id=\"1455012d\" data-element_type=\"widget\" data-e-type=\"widget\" data-widget_type=\"icon.default\">\n\t\t\t\t\t\t\t<div class=\"elementor-icon-wrapper\">\n\t\t\t<div class=\"elementor-icon\">\n\t\t\t<svg xmlns=\"http:\/\/www.w3.org\/2000\/svg\" id=\"Layer_1\" viewBox=\"0 0 32 32\"><g id=\"Layer_37\"><path d=\"M22.8,24.7c.3.5.2,1.1-.3,1.4-1.9,1.2-4.2,1.9-6.5,1.9-3.7,0-7.1-1.7-9.4-4.5l-.5,2c-.2.6-.8.9-1.4.7-.5-.2-.7-.7-.6-1.2l1.1-4.1c0-.5.7-.8,1.2-.7.3.1.6.2,1,.3.8.1,1.6.3,2.5.5.2.1.5.1.7.2.5.1.9.7.7,1.2-.1.5-.7.9-1.2.7l-1.4-.4c1.9,2,4.5,3.2,7.4,3.2s3.8-.6,5.4-1.6c.4-.2,1-.1,1.3.4ZM5,17.6c.6,0,1-.5,1-1.1v-.5c0-4.8,3.4-8.8,7.8-9.8l-1.1,1.1c-.6.6-.3,1.5.5,1.7.3.1.7,0,.9-.3l1.5-1.5c.3-.3.6-.6.8-.8.3-.3.7-.6.9-1.1.3-.7-.4-1.2-.9-1.7-.4-.5-1-1.1-1.5-1.6-.2-.2-.4-.4-.7-.7-.4-.4-1-.4-1.4,0s-.4,1,0,1.4l1.4,1.4c-5.7.9-10.2,5.9-10.2,11.9v.6c0,.6.5,1,1,1ZM30.3,20.6c-.1-.5-.7-.9-1.2-.7l-2,.5c.6-1.4.9-2.9.9-4.4,0-4.5-2.5-8.6-6.5-10.7-.5-.3-1.1,0-1.3.4-.3.5-.1,1.1.4,1.3,3.3,1.8,5.4,5.2,5.4,9s-.2,2-.5,3l-.4-1.4c-.1-.5-.7-.9-1.2-.7-.5.1-.9.7-.7,1.2l1.1,4.1c.1.2.3.5.5.6s.5.2.8.1l4.1-1.1c.5-.1.8-.7.6-1.2Z\"><\/path><\/g><\/svg>\t\t\t<\/div>\n\t\t<\/div>\n\t\t\t\t\t\t<\/div>\n\t\t\t\t<div class=\"elementor-element elementor-element-2a8c6157 elementor-widget elementor-widget-heading\" data-id=\"2a8c6157\" data-element_type=\"widget\" data-e-type=\"widget\" data-widget_type=\"heading.default\">\n\t\t\t\t\t<h2 class=\"elementor-heading-title elementor-size-default\">Log\u00edstica circular<\/h2>\t\t\t\t<\/div>\n\t\t\t\t<div class=\"elementor-element elementor-element-6afb34ab elementor-widget elementor-widget-text-editor\" data-id=\"6afb34ab\" data-element_type=\"widget\" data-e-type=\"widget\" data-widget_type=\"text-editor.default\">\n\t\t\t\t\t\t\t\t\t<p><span style=\"font-weight: 400;\">Programa de coleta e reuso de embalagens, auxiliando a ind\u00fastria de tintas a reduzir o seu impacto ambiental.<\/span><\/p>\t\t\t\t\t\t\t\t<\/div>\n\t\t\t\t<\/div>\n\t\t<div class=\"elementor-element elementor-element-41670b2a e-con-full e-flex e-con e-child\" data-id=\"41670b2a\" data-element_type=\"container\" data-e-type=\"container\" data-settings=\"{&quot;background_background&quot;:&quot;classic&quot;}\">\n\t\t\t\t<\/div>\n\t\t\t\t\t<\/div>\n\t\t\t\t<\/div>\n\t\t<div class=\"elementor-element elementor-element-5d9bbad e-flex e-con-boxed e-con e-parent\" data-id=\"5d9bbad\" data-element_type=\"container\" data-e-type=\"container\" data-settings=\"{&quot;background_background&quot;:&quot;classic&quot;}\">\n\t\t\t\t\t<div class=\"e-con-inner\">\n\t\t\t\t<div class=\"elementor-element elementor-element-24df6a3 elementor-widget__width-inherit elementor-widget elementor-widget-heading\" data-id=\"24df6a3\" data-element_type=\"widget\" data-e-type=\"widget\" data-widget_type=\"heading.default\">\n\t\t\t\t\t<h2 class=\"elementor-heading-title elementor-size-default\">Licen\u00e7as e Certifica\u00e7\u00f5es<\/h2>\t\t\t\t<\/div>\n\t\t\t\t<div class=\"elementor-element elementor-element-73578ed elementor-widget elementor-widget-button\" data-id=\"73578ed\" data-element_type=\"widget\" data-e-type=\"widget\" data-widget_type=\"button.default\">\n\t\t\t\t\t\t\t\t\t\t<a class=\"elementor-button elementor-button-link elementor-size-sm\" href=\"#\" target=\"_blank\" rel=\"nofollow\">\n\t\t\t\t\t\t<span class=\"elementor-button-content-wrapper\">\n\t\t\t\t\t\t<span class=\"elementor-button-icon\">\n\t\t\t\t<svg aria-hidden=\"true\" class=\"e-font-icon-svg e-fas-file-alt\" viewBox=\"0 0 384 512\" xmlns=\"http:\/\/www.w3.org\/2000\/svg\"><path d=\"M224 136V0H24C10.7 0 0 10.7 0 24v464c0 13.3 10.7 24 24 24h336c13.3 0 24-10.7 24-24V160H248c-13.2 0-24-10.8-24-24zm64 236c0 6.6-5.4 12-12 12H108c-6.6 0-12-5.4-12-12v-8c0-6.6 5.4-12 12-12h168c6.6 0 12 5.4 12 12v8zm0-64c0 6.6-5.4 12-12 12H108c-6.6 0-12-5.4-12-12v-8c0-6.6 5.4-12 12-12h168c6.6 0 12 5.4 12 12v8zm0-72v8c0 6.6-5.4 12-12 12H108c-6.6 0-12-5.4-12-12v-8c0-6.6 5.4-12 12-12h168c6.6 0 12 5.4 12 12zm96-114.1v6.1H256V0h6.1c6.4 0 12.5 2.5 17 7l97.9 98c4.5 4.5 7 10.6 7 16.9z\"><\/path><\/svg>\t\t\t<\/span>\n\t\t\t\t\t\t\t\t\t<span class=\"elementor-button-text\">Licen\u00e7as e Certifica\u00e7\u00f5es<\/span>\n\t\t\t\t\t<\/span>\n\t\t\t\t\t<\/a>\n\t\t\t\t\t\t\t\t<\/div>\n\t\t\t\t\t<\/div>\n\t\t\t\t<\/div>\n\t\t<div class=\"elementor-element elementor-element-33cfb73 e-flex e-con-boxed e-con e-parent\" data-id=\"33cfb73\" data-element_type=\"container\" data-e-type=\"container\" data-settings=\"{&quot;background_background&quot;:&quot;classic&quot;}\">\n\t\t\t\t\t<div class=\"e-con-inner\">\n\t\t\t\t<div class=\"elementor-element elementor-element-1e8f5cd7 elementor-widget__width-auto elementor-widget elementor-widget-heading\" data-id=\"1e8f5cd7\" data-element_type=\"widget\" data-e-type=\"widget\" data-widget_type=\"heading.default\">\n\t\t\t\t\t<h2 class=\"elementor-heading-title elementor-size-default\">Pronto para otimizar sua planta qu\u00edmica?<\/h2>\t\t\t\t<\/div>\n\t\t\t\t<div class=\"elementor-element elementor-element-e27b35c elementor-widget__width-initial elementor-widget elementor-widget-text-editor\" data-id=\"e27b35c\" data-element_type=\"widget\" data-e-type=\"widget\" data-widget_type=\"text-editor.default\">\n\t\t\t\t\t\t\t\t\t<p><span style=\"font-weight: 400;\">Seja para IBCs de alta densidade ou tambores especializados, nossa equipe t\u00e9cnica est\u00e1 pronta para configurar a melhor solu\u00e7\u00e3o para o seu produto.<\/span><\/p>\t\t\t\t\t\t\t\t<\/div>\n\t\t\t\t<div class=\"elementor-element elementor-element-2e677aa2 elementor-widget__width-initial elementor-widget elementor-widget-image\" data-id=\"2e677aa2\" data-element_type=\"widget\" data-e-type=\"widget\" data-widget_type=\"image.default\">\n\t\t\t\t\t\t\t\t\t\t\t\t\t\t\t<img decoding=\"async\" width=\"800\" height=\"367\" src=\"https:\/\/staging.letrade.com.br\/tecnotam\/wp-content\/uploads\/2026\/03\/produtos-tecnotam-1024x470.webp\" class=\"attachment-large size-large wp-image-103\" alt=\"\" srcset=\"https:\/\/staging.letrade.com.br\/tecnotam\/wp-content\/uploads\/2026\/03\/produtos-tecnotam-1024x470.webp 1024w, https:\/\/staging.letrade.com.br\/tecnotam\/wp-content\/uploads\/2026\/03\/produtos-tecnotam-300x138.webp 300w, https:\/\/staging.letrade.com.br\/tecnotam\/wp-content\/uploads\/2026\/03\/produtos-tecnotam-768x352.webp 768w, https:\/\/staging.letrade.com.br\/tecnotam\/wp-content\/uploads\/2026\/03\/produtos-tecnotam.webp 1059w\" sizes=\"(max-width: 800px) 100vw, 800px\" \/>\t\t\t\t\t\t\t\t\t\t\t\t\t\t\t<\/div>\n\t\t\t\t<div class=\"elementor-element elementor-element-6180fb9d elementor-widget elementor-widget-button\" data-id=\"6180fb9d\" data-element_type=\"widget\" data-e-type=\"widget\" data-widget_type=\"button.default\">\n\t\t\t\t\t\t\t\t\t\t<a class=\"elementor-button elementor-button-link elementor-size-sm\" href=\"#\">\n\t\t\t\t\t\t<span class=\"elementor-button-content-wrapper\">\n\t\t\t\t\t\t<span class=\"elementor-button-icon\">\n\t\t\t\t<svg aria-hidden=\"true\" class=\"e-font-icon-svg e-fas-arrow-right\" viewBox=\"0 0 448 512\" xmlns=\"http:\/\/www.w3.org\/2000\/svg\"><path d=\"M190.5 66.9l22.2-22.2c9.4-9.4 24.6-9.4 33.9 0L441 239c9.4 9.4 9.4 24.6 0 33.9L246.6 467.3c-9.4 9.4-24.6 9.4-33.9 0l-22.2-22.2c-9.5-9.5-9.3-25 .4-34.3L311.4 296H24c-13.3 0-24-10.7-24-24v-32c0-13.3 10.7-24 24-24h287.4L190.9 101.2c-9.8-9.3-10-24.8-.4-34.3z\"><\/path><\/svg>\t\t\t<\/span>\n\t\t\t\t\t\t\t\t\t<span class=\"elementor-button-text\">Solicitar Cota\u00e7\u00e3o de IBCs e Tambores<\/span>\n\t\t\t\t\t<\/span>\n\t\t\t\t\t<\/a>\n\t\t\t\t\t\t\t\t<\/div>\n\t\t\t\t\t<\/div>\n\t\t\t\t<\/div>\n\t\t\t\t<\/div>\n\t\t","protected":false},"excerpt":{"rendered":"<p>solu\u00e7\u00f5es para tintas e vernizes Solu\u00e7\u00f5es Completas em Embalagens para o Setor de Tintas e Vernizes. Seguran\u00e7a, estanqueidade e m\u00e1xima efici\u00eancia no envase de solventes, resinas e revestimentos. Falar com o consultor especialista Os pilares da solu\u00e7\u00e3o O mercado de tintas e vernizes exige precis\u00e3o. Entendemos que qualquer contamina\u00e7\u00e3o ou falha na veda\u00e7\u00e3o pode comprometer [&hellip;]<\/p>\n","protected":false},"author":1,"featured_media":0,"parent":0,"menu_order":0,"comment_status":"closed","ping_status":"closed","template":"","meta":{"footnotes":""},"class_list":["post-744","page","type-page","status-publish","hentry"],"_links":{"self":[{"href":"https:\/\/staging.letrade.com.br\/tecnotam\/wp-json\/wp\/v2\/pages\/744","targetHints":{"allow":["GET"]}}],"collection":[{"href":"https:\/\/staging.letrade.com.br\/tecnotam\/wp-json\/wp\/v2\/pages"}],"about":[{"href":"https:\/\/staging.letrade.com.br\/tecnotam\/wp-json\/wp\/v2\/types\/page"}],"author":[{"embeddable":true,"href":"https:\/\/staging.letrade.com.br\/tecnotam\/wp-json\/wp\/v2\/users\/1"}],"replies":[{"embeddable":true,"href":"https:\/\/staging.letrade.com.br\/tecnotam\/wp-json\/wp\/v2\/comments?post=744"}],"version-history":[{"count":10,"href":"https:\/\/staging.letrade.com.br\/tecnotam\/wp-json\/wp\/v2\/pages\/744\/revisions"}],"predecessor-version":[{"id":917,"href":"https:\/\/staging.letrade.com.br\/tecnotam\/wp-json\/wp\/v2\/pages\/744\/revisions\/917"}],"wp:attachment":[{"href":"https:\/\/staging.letrade.com.br\/tecnotam\/wp-json\/wp\/v2\/media?parent=744"}],"curies":[{"name":"wp","href":"https:\/\/api.w.org\/{rel}","templated":true}]}}