{"id":730,"date":"2026-04-02T17:07:31","date_gmt":"2026-04-02T17:07:31","guid":{"rendered":"http:\/\/tecnotam-site-novo.local\/?page_id=730"},"modified":"2026-04-27T19:33:15","modified_gmt":"2026-04-27T19:33:15","slug":"agronegocio","status":"publish","type":"page","link":"https:\/\/staging.letrade.com.br\/tecnotam\/agronegocio\/","title":{"rendered":"Agroneg\u00f3cio"},"content":{"rendered":"\t\t<div data-elementor-type=\"wp-page\" data-elementor-id=\"730\" class=\"elementor elementor-730\" data-elementor-post-type=\"page\">\n\t\t\t\t<div class=\"elementor-element elementor-element-24ff5740 e-flex e-con-boxed e-con e-parent\" data-id=\"24ff5740\" data-element_type=\"container\" data-e-type=\"container\" data-settings=\"{&quot;background_background&quot;:&quot;classic&quot;}\">\n\t\t\t\t\t<div class=\"e-con-inner\">\n\t\t\t\t<div class=\"elementor-element elementor-element-31978e5 elementor-widget elementor-widget-text-editor\" data-id=\"31978e5\" data-element_type=\"widget\" data-e-type=\"widget\" data-widget_type=\"text-editor.default\">\n\t\t\t\t\t\t\t\t\t<p>solu\u00e7\u00f5es para o agroneg\u00f3cio<\/p>\t\t\t\t\t\t\t\t<\/div>\n\t\t\t\t<div class=\"elementor-element elementor-element-52b9b5ec elementor-widget__width-initial elementor-widget elementor-widget-heading\" data-id=\"52b9b5ec\" data-element_type=\"widget\" data-e-type=\"widget\" data-widget_type=\"heading.default\">\n\t\t\t\t\t<h1 class=\"elementor-heading-title elementor-size-default\">Solu\u00e7\u00f5es Completas em Embalagens para o Agroneg\u00f3cio.\n<\/h1>\t\t\t\t<\/div>\n\t\t\t\t<div class=\"elementor-element elementor-element-55d90cfd elementor-widget__width-initial elementor-widget elementor-widget-text-editor\" data-id=\"55d90cfd\" data-element_type=\"widget\" data-e-type=\"widget\" data-widget_type=\"text-editor.default\">\n\t\t\t\t\t\t\t\t\t<p><span style=\"font-weight: 400;\">Seguran\u00e7a e efici\u00eancia no transporte de defensivos, fertilizantes e insumos para o campo.<\/span><\/p>\t\t\t\t\t\t\t\t<\/div>\n\t\t\t\t<div class=\"elementor-element elementor-element-17153cb elementor-widget elementor-widget-button\" data-id=\"17153cb\" data-element_type=\"widget\" data-e-type=\"widget\" data-widget_type=\"button.default\">\n\t\t\t\t\t\t\t\t\t\t<a class=\"elementor-button elementor-button-link elementor-size-sm\" href=\"#\">\n\t\t\t\t\t\t<span class=\"elementor-button-content-wrapper\">\n\t\t\t\t\t\t<span class=\"elementor-button-icon\">\n\t\t\t\t<svg aria-hidden=\"true\" class=\"e-font-icon-svg e-far-comment\" viewBox=\"0 0 512 512\" xmlns=\"http:\/\/www.w3.org\/2000\/svg\"><path d=\"M256 32C114.6 32 0 125.1 0 240c0 47.6 19.9 91.2 52.9 126.3C38 405.7 7 439.1 6.5 439.5c-6.6 7-8.4 17.2-4.6 26S14.4 480 24 480c61.5 0 110-25.7 139.1-46.3C192 442.8 223.2 448 256 448c141.4 0 256-93.1 256-208S397.4 32 256 32zm0 368c-26.7 0-53.1-4.1-78.4-12.1l-22.7-7.2-19.5 13.8c-14.3 10.1-33.9 21.4-57.5 29 7.3-12.1 14.4-25.7 19.9-40.2l10.6-28.1-20.6-21.8C69.7 314.1 48 282.2 48 240c0-88.2 93.3-160 208-160s208 71.8 208 160-93.3 160-208 160z\"><\/path><\/svg>\t\t\t<\/span>\n\t\t\t\t\t\t\t\t\t<span class=\"elementor-button-text\">Falar com o consultor agro<\/span>\n\t\t\t\t\t<\/span>\n\t\t\t\t\t<\/a>\n\t\t\t\t\t\t\t\t<\/div>\n\t\t\t\t\t<\/div>\n\t\t\t\t<\/div>\n\t\t<div class=\"elementor-element elementor-element-d571ebf e-flex e-con-boxed e-con e-parent\" data-id=\"d571ebf\" data-element_type=\"container\" data-e-type=\"container\">\n\t\t\t\t\t<div class=\"e-con-inner\">\n\t\t\t\t<div class=\"elementor-element elementor-element-52a23fba elementor-widget elementor-widget-heading\" data-id=\"52a23fba\" data-element_type=\"widget\" data-e-type=\"widget\" data-widget_type=\"heading.default\">\n\t\t\t\t\t<h2 class=\"elementor-heading-title elementor-size-default\">Os pilares da solu\u00e7\u00e3o<\/h2>\t\t\t\t<\/div>\n\t\t\t\t<div class=\"elementor-element elementor-element-3262a2fd elementor-widget__width-initial elementor-widget elementor-widget-text-editor\" data-id=\"3262a2fd\" data-element_type=\"widget\" data-e-type=\"widget\" data-widget_type=\"text-editor.default\">\n\t\t\t\t\t\t\t\t\t<p><span style=\"font-weight: 400;\">O campo n\u00e3o para, e a seguran\u00e7a da sua carga tamb\u00e9m n\u00e3o pode parar. Oferecemos um portf\u00f3lio robusto projetado para suportar as condi\u00e7\u00f5es severas do transporte rural, combinando a resist\u00eancia dos IBCs Tecnobulk com a praticidade dos tambores pl\u00e1sticos. Garantimos rastreabilidade total e o suporte necess\u00e1rio para a destina\u00e7\u00e3o correta das embalagens p\u00f3s-uso.<\/span><\/p>\t\t\t\t\t\t\t\t<\/div>\n\t\t<div class=\"elementor-element elementor-element-1ebfbbf4 e-con-full e-flex e-con e-child\" data-id=\"1ebfbbf4\" data-element_type=\"container\" data-e-type=\"container\" data-settings=\"{&quot;background_background&quot;:&quot;classic&quot;}\">\n\t\t\t\t<div class=\"elementor-element elementor-element-4df74030 elementor-widget__width-inherit elementor-widget elementor-widget-heading\" data-id=\"4df74030\" data-element_type=\"widget\" data-e-type=\"widget\" data-widget_type=\"heading.default\">\n\t\t\t\t\t<h1 class=\"elementor-heading-title elementor-size-default\">Linha Tecnobulk (IBCs)<\/h1>\t\t\t\t<\/div>\n\t\t\t\t<div class=\"elementor-element elementor-element-7bb143b2 elementor-widget__width-initial elementor-widget elementor-widget-image\" data-id=\"7bb143b2\" data-element_type=\"widget\" data-e-type=\"widget\" data-widget_type=\"image.default\">\n\t\t\t\t\t\t\t\t\t\t\t\t\t\t\t<img fetchpriority=\"high\" decoding=\"async\" width=\"800\" height=\"854\" src=\"https:\/\/staging.letrade.com.br\/tecnotam\/wp-content\/uploads\/2026\/03\/ibc-novo-palete-de-aco-959x1024.webp\" class=\"attachment-large size-large wp-image-48\" alt=\"\" srcset=\"https:\/\/staging.letrade.com.br\/tecnotam\/wp-content\/uploads\/2026\/03\/ibc-novo-palete-de-aco-959x1024.webp 959w, https:\/\/staging.letrade.com.br\/tecnotam\/wp-content\/uploads\/2026\/03\/ibc-novo-palete-de-aco-281x300.webp 281w, https:\/\/staging.letrade.com.br\/tecnotam\/wp-content\/uploads\/2026\/03\/ibc-novo-palete-de-aco-768x820.webp 768w, https:\/\/staging.letrade.com.br\/tecnotam\/wp-content\/uploads\/2026\/03\/ibc-novo-palete-de-aco-1438x1536.webp 1438w, https:\/\/staging.letrade.com.br\/tecnotam\/wp-content\/uploads\/2026\/03\/ibc-novo-palete-de-aco-1917x2048.webp 1917w\" sizes=\"(max-width: 800px) 100vw, 800px\" \/>\t\t\t\t\t\t\t\t\t\t\t\t\t\t\t<\/div>\n\t\t\t\t<div class=\"elementor-element elementor-element-6a5815e1 elementor-widget__width-initial elementor-widget elementor-widget-text-editor\" data-id=\"6a5815e1\" data-element_type=\"widget\" data-e-type=\"widget\" data-widget_type=\"text-editor.default\">\n\t\t\t\t\t\t\t\t\t<ul><li style=\"font-weight: 400;\" aria-level=\"1\"><b>Foco:<\/b><span style=\"font-weight: 400;\"> Grandes volumes (1.000L) e otimiza\u00e7\u00e3o de espa\u00e7o.<\/span><\/li><li style=\"font-weight: 400;\" aria-level=\"1\"><b>Destaques:<\/b><ul><li style=\"font-weight: 400;\" aria-level=\"2\"><span style=\"font-weight: 400;\">Homologa\u00e7\u00e3o para densidade de at\u00e9 <\/span><b>1.9<\/b><span style=\"font-weight: 400;\"> (A\u00e7o) e <\/span><b>1.6<\/b><span style=\"font-weight: 400;\"> (Madeira).<\/span><\/li><li style=\"font-weight: 400;\" aria-level=\"2\"><span style=\"font-weight: 400;\">Modelos Antiest\u00e1ticos (EX) para \u00e1reas inflam\u00e1veis.<\/span><\/li><li style=\"font-weight: 400;\" aria-level=\"2\"><span style=\"font-weight: 400;\">Estrutura em a\u00e7o galvanizado ultra resistente.<\/span><\/li><\/ul><\/li><\/ul>\t\t\t\t\t\t\t\t<\/div>\n\t\t\t\t<\/div>\n\t\t<div class=\"elementor-element elementor-element-316af187 e-con-full e-flex e-con e-child\" data-id=\"316af187\" data-element_type=\"container\" data-e-type=\"container\" data-settings=\"{&quot;background_background&quot;:&quot;classic&quot;}\">\n\t\t\t\t<div class=\"elementor-element elementor-element-73528e86 elementor-widget__width-inherit elementor-widget elementor-widget-heading\" data-id=\"73528e86\" data-element_type=\"widget\" data-e-type=\"widget\" data-widget_type=\"heading.default\">\n\t\t\t\t\t<h1 class=\"elementor-heading-title elementor-size-default\">Linha de Tambores (200L)<\/h1>\t\t\t\t<\/div>\n\t\t\t\t<div class=\"elementor-element elementor-element-2ff7b0cf elementor-widget__width-initial elementor-widget elementor-widget-image\" data-id=\"2ff7b0cf\" data-element_type=\"widget\" data-e-type=\"widget\" data-widget_type=\"image.default\">\n\t\t\t\t\t\t\t\t\t\t\t\t\t\t\t<img decoding=\"async\" width=\"310\" height=\"419\" src=\"https:\/\/staging.letrade.com.br\/tecnotam\/wp-content\/uploads\/2026\/03\/tambores.webp\" class=\"attachment-large size-large wp-image-87\" alt=\"\" srcset=\"https:\/\/staging.letrade.com.br\/tecnotam\/wp-content\/uploads\/2026\/03\/tambores.webp 310w, https:\/\/staging.letrade.com.br\/tecnotam\/wp-content\/uploads\/2026\/03\/tambores-222x300.webp 222w\" sizes=\"(max-width: 310px) 100vw, 310px\" \/>\t\t\t\t\t\t\t\t\t\t\t\t\t\t\t<\/div>\n\t\t\t\t<div class=\"elementor-element elementor-element-947f712 elementor-widget__width-initial elementor-widget elementor-widget-text-editor\" data-id=\"947f712\" data-element_type=\"widget\" data-e-type=\"widget\" data-widget_type=\"text-editor.default\">\n\t\t\t\t\t\t\t\t\t<ul><li style=\"font-weight: 400;\" aria-level=\"1\"><b>Foco:<\/b><span style=\"font-weight: 400;\"> Fracionamento, amostras e envase especializado.<\/span><\/li><li style=\"font-weight: 400;\" aria-level=\"1\"><b>Destaques:<\/b><ul><li style=\"font-weight: 400;\" aria-level=\"2\"><b>Tambores Met\u00e1licos:<\/b><span style=\"font-weight: 400;\"> Com revestimento interno (Verniz\/Ep\u00f3xi) para solventes e qu\u00edmicos agressivos.<br \/><\/span><\/li><li><span style=\"font-weight: 400;\">Op\u00e7\u00f5es de tampa fixa ou remov\u00edvel, atendendo normas internacionais.<br \/><br \/><\/span><\/li><li style=\"font-weight: 400;\" aria-level=\"2\"><b>Bombonas (PEAD):<\/b><span style=\"font-weight: 400;\"> Inertes e resistentes a corrosivos.<\/span><\/li><\/ul><\/li><\/ul>\t\t\t\t\t\t\t\t<\/div>\n\t\t\t\t<\/div>\n\t\t\t\t\t<\/div>\n\t\t\t\t<\/div>\n\t\t<div class=\"elementor-element elementor-element-547f6e95 e-flex e-con-boxed e-con e-parent\" data-id=\"547f6e95\" data-element_type=\"container\" data-e-type=\"container\" data-settings=\"{&quot;background_background&quot;:&quot;classic&quot;}\">\n\t\t\t\t\t<div class=\"e-con-inner\">\n\t\t\t\t<div class=\"elementor-element elementor-element-1bdfb20 elementor-widget__width-inherit elementor-widget elementor-widget-heading\" data-id=\"1bdfb20\" data-element_type=\"widget\" data-e-type=\"widget\" data-widget_type=\"heading.default\">\n\t\t\t\t\t<h2 class=\"elementor-heading-title elementor-size-default\">Aplica\u00e7\u00f5es e Diferenciais T\u00e9cnicos<\/h2>\t\t\t\t<\/div>\n\t\t<div class=\"elementor-element elementor-element-3df3a91b e-con-full e-flex e-con e-child\" data-id=\"3df3a91b\" data-element_type=\"container\" data-e-type=\"container\" data-settings=\"{&quot;background_background&quot;:&quot;classic&quot;}\">\n\t\t\t\t<div class=\"elementor-element elementor-element-12f23baa elementor-view-default elementor-widget elementor-widget-icon\" data-id=\"12f23baa\" data-element_type=\"widget\" data-e-type=\"widget\" data-widget_type=\"icon.default\">\n\t\t\t\t\t\t\t<div class=\"elementor-icon-wrapper\">\n\t\t\t<div class=\"elementor-icon\">\n\t\t\t<svg xmlns=\"http:\/\/www.w3.org\/2000\/svg\" id=\"Layer_1\" viewBox=\"0 0 512 512\"><g id=\"Layer_2\"><path d=\"M256,482.3c-6.4,0-12.6-1.6-18.1-4.7l-71.9-39.9c-72.8-40.5-117.9-117.2-118-200.5v-110.8c0-19.1,14.4-35.1,33.5-37.1,28.6-3,56.8-9.4,83.9-19,24.9-8.8,48.7-20.2,71.2-34.1,12-7.3,27-7.3,39,0,22.4,13.9,46.3,25.3,71.2,34.1,27.1,9.6,55.3,15.9,83.9,19,19,2,33.5,18,33.5,37.1v110.8c0,83.3-45.2,160-118,200.5l-71.9,39.9c-5.5,3.1-11.8,4.7-18.1,4.7h0ZM256,62.6c-.9,0-1.9.3-2.7.7h0c-24.4,15.1-50.3,27.5-77.3,37-29.5,10.4-60.1,17.3-91.2,20.6-2.7.2-4.8,2.5-4.8,5.3v110.8c0,71.7,38.9,137.7,101.5,172.5l71.9,39.9c1.6.9,3.5.9,5.1,0l71.9-40c62.6-34.8,101.5-100.8,101.5-172.5v-110.8c0-2.7-2.1-5-4.8-5.3-31.1-3.3-61.7-10.2-91.2-20.6-27-9.6-52.9-22-77.3-37-.8-.5-1.7-.8-2.7-.7h0Z\"><\/path><path d=\"M245.3,304c-3.9,0-7.7-1.4-10.6-4l-48-42.7c-6.6-5.9-7.2-16-1.3-22.6,5.9-6.6,15.9-7.2,22.5-1.3l36.4,32.3,69.4-74c6-6.5,16.1-7,22.6-1,6.5,6,7,16.1,1,22.6,0,0-.2.2-.3.3l-80,85.3c-3,3.2-7.2,5.1-11.7,5.1h0Z\"><\/path><\/g><\/svg>\t\t\t<\/div>\n\t\t<\/div>\n\t\t\t\t\t\t<\/div>\n\t\t\t\t<div class=\"elementor-element elementor-element-5eb6dcb8 elementor-widget elementor-widget-heading\" data-id=\"5eb6dcb8\" data-element_type=\"widget\" data-e-type=\"widget\" data-widget_type=\"heading.default\">\n\t\t\t\t\t<h2 class=\"elementor-heading-title elementor-size-default\">Resist\u00eancia Mec\u00e2nica<\/h2>\t\t\t\t<\/div>\n\t\t\t\t<div class=\"elementor-element elementor-element-520b2225 elementor-widget elementor-widget-text-editor\" data-id=\"520b2225\" data-element_type=\"widget\" data-e-type=\"widget\" data-widget_type=\"text-editor.default\">\n\t\t\t\t\t\t\t\t\t<p><span style=\"font-weight: 400;\">Estruturas refor\u00e7adas para suportar vibra\u00e7\u00f5es e empilhamento em galp\u00f5es.<\/span><\/p>\t\t\t\t\t\t\t\t<\/div>\n\t\t\t\t<\/div>\n\t\t<div class=\"elementor-element elementor-element-526f20e1 e-con-full e-flex e-con e-child\" data-id=\"526f20e1\" data-element_type=\"container\" data-e-type=\"container\" data-settings=\"{&quot;background_background&quot;:&quot;classic&quot;}\">\n\t\t\t\t<div class=\"elementor-element elementor-element-58c19d5a elementor-view-default elementor-widget elementor-widget-icon\" data-id=\"58c19d5a\" data-element_type=\"widget\" data-e-type=\"widget\" data-widget_type=\"icon.default\">\n\t\t\t\t\t\t\t<div class=\"elementor-icon-wrapper\">\n\t\t\t<div class=\"elementor-icon\">\n\t\t\t<svg xmlns=\"http:\/\/www.w3.org\/2000\/svg\" id=\"Capa_1\" viewBox=\"0 0 302.4 302.4\"><path d=\"M204.8,97.6c-13.6-13.6-32.8-22.4-53.6-22.4s-40,8.4-53.6,22.4c-13.6,13.6-22.4,32.8-22.4,53.6s8.8,40,22.4,53.6c13.6,13.6,32.8,22.4,53.6,22.4s40-8.4,53.6-22.4c13.6-13.6,22.4-32.8,22.4-53.6s-8.4-40-22.4-53.6ZM190.4,190.4c-10,10-24,16-39.2,16s-29.2-6-39.2-16-16-24-16-39.2,6-29.2,16-39.2,24-16,39.2-16,29.2,6,39.2,16,16,24,16,39.2-6,29.2-16,39.2Z\"><\/path><path d=\"M292,140.8h-30.8c-5.6,0-10.4,4.8-10.4,10.4s4.8,10.4,10.4,10.4h30.8c5.6,0,10.4-4.8,10.4-10.4s-4.8-10.4-10.4-10.4Z\"><\/path><path d=\"M151.2,250.8c-5.6,0-10.4,4.8-10.4,10.4v30.8c0,5.6,4.8,10.4,10.4,10.4s10.4-4.8,10.4-10.4v-30.8c0-5.6-4.8-10.4-10.4-10.4Z\"><\/path><path d=\"M258,243.6l-22-22c-3.6-4-10.4-4-14.4,0s-4,10.4,0,14.4l22,22c4,4,10.4,4,14.4,0s4-10.4,0-14.4Z\"><\/path><path d=\"M151.2,0c-5.6,0-10.4,4.8-10.4,10.4v30.8c0,5.6,4.8,10.4,10.4,10.4s10.4-4.8,10.4-10.4V10.4c0-5.6-4.8-10.4-10.4-10.4Z\"><\/path><path d=\"M258.4,44.4c-4-4-10.4-4-14.4,0l-22,22c-4,4-4,10.4,0,14.4,3.6,4,10.4,4,14.4,0l22-22c4-4,4-10.4,0-14.4Z\"><\/path><path d=\"M41.2,140.8H10.4c-5.6,0-10.4,4.8-10.4,10.4s4.4,10.4,10.4,10.4h30.8c5.6,0,10.4-4.8,10.4-10.4s-4.8-10.4-10.4-10.4Z\"><\/path><path d=\"M80.4,221.6c-3.6-4-10.4-4-14.4,0l-22,22c-4,4-4,10.4,0,14.4s10.4,4,14.4,0l22-22c4-4,4-10.4,0-14.4Z\"><\/path><path d=\"M80.4,66.4l-22-22c-4-4-10.4-4-14.4,0s-4,10.4,0,14.4l22,22c4,4,10.4,4,14.4,0s4-10.4,0-14.4Z\"><\/path><\/svg>\t\t\t<\/div>\n\t\t<\/div>\n\t\t\t\t\t\t<\/div>\n\t\t\t\t<div class=\"elementor-element elementor-element-7a7f54ae elementor-widget elementor-widget-heading\" data-id=\"7a7f54ae\" data-element_type=\"widget\" data-e-type=\"widget\" data-widget_type=\"heading.default\">\n\t\t\t\t\t<h2 class=\"elementor-heading-title elementor-size-default\">Prote\u00e7\u00e3o UV<\/h2>\t\t\t\t<\/div>\n\t\t\t\t<div class=\"elementor-element elementor-element-490d7256 elementor-widget elementor-widget-text-editor\" data-id=\"490d7256\" data-element_type=\"widget\" data-e-type=\"widget\" data-widget_type=\"text-editor.default\">\n\t\t\t\t\t\t\t\t\t<p><span style=\"font-weight: 400;\">Embalagens que preservam as propriedades qu\u00edmicas dos insumos sob exposi\u00e7\u00e3o ao sol.<\/span><\/p>\t\t\t\t\t\t\t\t<\/div>\n\t\t\t\t<\/div>\n\t\t<div class=\"elementor-element elementor-element-124c40fc e-con-full e-flex e-con e-child\" data-id=\"124c40fc\" data-element_type=\"container\" data-e-type=\"container\" data-settings=\"{&quot;background_background&quot;:&quot;classic&quot;}\">\n\t\t\t\t<div class=\"elementor-element elementor-element-3b3d4f95 elementor-view-default elementor-widget elementor-widget-icon\" data-id=\"3b3d4f95\" data-element_type=\"widget\" data-e-type=\"widget\" data-widget_type=\"icon.default\">\n\t\t\t\t\t\t\t<div class=\"elementor-icon-wrapper\">\n\t\t\t<div class=\"elementor-icon\">\n\t\t\t<svg xmlns=\"http:\/\/www.w3.org\/2000\/svg\" id=\"Layer_1\" viewBox=\"0 0 32 32\"><g id=\"Layer_37\"><path d=\"M22.8,24.7c.3.5.2,1.1-.3,1.4-1.9,1.2-4.2,1.9-6.5,1.9-3.7,0-7.1-1.7-9.4-4.5l-.5,2c-.2.6-.8.9-1.4.7-.5-.2-.7-.7-.6-1.2l1.1-4.1c0-.5.7-.8,1.2-.7.3.1.6.2,1,.3.8.1,1.6.3,2.5.5.2.1.5.1.7.2.5.1.9.7.7,1.2-.1.5-.7.9-1.2.7l-1.4-.4c1.9,2,4.5,3.2,7.4,3.2s3.8-.6,5.4-1.6c.4-.2,1-.1,1.3.4ZM5,17.6c.6,0,1-.5,1-1.1v-.5c0-4.8,3.4-8.8,7.8-9.8l-1.1,1.1c-.6.6-.3,1.5.5,1.7.3.1.7,0,.9-.3l1.5-1.5c.3-.3.6-.6.8-.8.3-.3.7-.6.9-1.1.3-.7-.4-1.2-.9-1.7-.4-.5-1-1.1-1.5-1.6-.2-.2-.4-.4-.7-.7-.4-.4-1-.4-1.4,0s-.4,1,0,1.4l1.4,1.4c-5.7.9-10.2,5.9-10.2,11.9v.6c0,.6.5,1,1,1ZM30.3,20.6c-.1-.5-.7-.9-1.2-.7l-2,.5c.6-1.4.9-2.9.9-4.4,0-4.5-2.5-8.6-6.5-10.7-.5-.3-1.1,0-1.3.4-.3.5-.1,1.1.4,1.3,3.3,1.8,5.4,5.2,5.4,9s-.2,2-.5,3l-.4-1.4c-.1-.5-.7-.9-1.2-.7-.5.1-.9.7-.7,1.2l1.1,4.1c.1.2.3.5.5.6s.5.2.8.1l4.1-1.1c.5-.1.8-.7.6-1.2Z\"><\/path><\/g><\/svg>\t\t\t<\/div>\n\t\t<\/div>\n\t\t\t\t\t\t<\/div>\n\t\t\t\t<div class=\"elementor-element elementor-element-7421fcda elementor-widget elementor-widget-heading\" data-id=\"7421fcda\" data-element_type=\"widget\" data-e-type=\"widget\" data-widget_type=\"heading.default\">\n\t\t\t\t\t<h2 class=\"elementor-heading-title elementor-size-default\">Ciclo de vida sustent\u00e1vel<\/h2>\t\t\t\t<\/div>\n\t\t\t\t<div class=\"elementor-element elementor-element-1a2c96ad elementor-widget elementor-widget-text-editor\" data-id=\"1a2c96ad\" data-element_type=\"widget\" data-e-type=\"widget\" data-widget_type=\"text-editor.default\">\n\t\t\t\t\t\t\t\t\t<p><span style=\"font-weight: 400;\">Apoio na coleta de embalagens vazias e destina\u00e7\u00e3o final correta, auxiliando o produtor no cumprimento das leis ambientais.<\/span><\/p>\t\t\t\t\t\t\t\t<\/div>\n\t\t\t\t<\/div>\n\t\t<div class=\"elementor-element elementor-element-7a11cb1b e-con-full e-flex e-con e-child\" data-id=\"7a11cb1b\" data-element_type=\"container\" data-e-type=\"container\" data-settings=\"{&quot;background_background&quot;:&quot;classic&quot;}\">\n\t\t\t\t<\/div>\n\t\t\t\t\t<\/div>\n\t\t\t\t<\/div>\n\t\t<div class=\"elementor-element elementor-element-340e381a e-flex e-con-boxed e-con e-parent\" data-id=\"340e381a\" data-element_type=\"container\" data-e-type=\"container\" data-settings=\"{&quot;background_background&quot;:&quot;classic&quot;}\">\n\t\t\t\t\t<div class=\"e-con-inner\">\n\t\t\t\t<div class=\"elementor-element elementor-element-102c4d1a elementor-widget__width-inherit elementor-widget elementor-widget-heading\" data-id=\"102c4d1a\" data-element_type=\"widget\" data-e-type=\"widget\" data-widget_type=\"heading.default\">\n\t\t\t\t\t<h2 class=\"elementor-heading-title elementor-size-default\">Licen\u00e7as e Certifica\u00e7\u00f5es<\/h2>\t\t\t\t<\/div>\n\t\t\t\t<div class=\"elementor-element elementor-element-15d13731 elementor-widget elementor-widget-button\" data-id=\"15d13731\" data-element_type=\"widget\" data-e-type=\"widget\" data-widget_type=\"button.default\">\n\t\t\t\t\t\t\t\t\t\t<a class=\"elementor-button elementor-button-link elementor-size-sm\" href=\"#\" target=\"_blank\" rel=\"nofollow\">\n\t\t\t\t\t\t<span class=\"elementor-button-content-wrapper\">\n\t\t\t\t\t\t<span class=\"elementor-button-icon\">\n\t\t\t\t<svg aria-hidden=\"true\" class=\"e-font-icon-svg e-fas-file-alt\" viewBox=\"0 0 384 512\" xmlns=\"http:\/\/www.w3.org\/2000\/svg\"><path d=\"M224 136V0H24C10.7 0 0 10.7 0 24v464c0 13.3 10.7 24 24 24h336c13.3 0 24-10.7 24-24V160H248c-13.2 0-24-10.8-24-24zm64 236c0 6.6-5.4 12-12 12H108c-6.6 0-12-5.4-12-12v-8c0-6.6 5.4-12 12-12h168c6.6 0 12 5.4 12 12v8zm0-64c0 6.6-5.4 12-12 12H108c-6.6 0-12-5.4-12-12v-8c0-6.6 5.4-12 12-12h168c6.6 0 12 5.4 12 12v8zm0-72v8c0 6.6-5.4 12-12 12H108c-6.6 0-12-5.4-12-12v-8c0-6.6 5.4-12 12-12h168c6.6 0 12 5.4 12 12zm96-114.1v6.1H256V0h6.1c6.4 0 12.5 2.5 17 7l97.9 98c4.5 4.5 7 10.6 7 16.9z\"><\/path><\/svg>\t\t\t<\/span>\n\t\t\t\t\t\t\t\t\t<span class=\"elementor-button-text\">Licen\u00e7as e Certifica\u00e7\u00f5es<\/span>\n\t\t\t\t\t<\/span>\n\t\t\t\t\t<\/a>\n\t\t\t\t\t\t\t\t<\/div>\n\t\t\t\t\t<\/div>\n\t\t\t\t<\/div>\n\t\t<div class=\"elementor-element elementor-element-43d14333 e-flex e-con-boxed e-con e-parent\" data-id=\"43d14333\" data-element_type=\"container\" data-e-type=\"container\" data-settings=\"{&quot;background_background&quot;:&quot;classic&quot;}\">\n\t\t\t\t\t<div class=\"e-con-inner\">\n\t\t\t\t<div class=\"elementor-element elementor-element-1ec16647 elementor-widget__width-auto elementor-widget elementor-widget-heading\" data-id=\"1ec16647\" data-element_type=\"widget\" data-e-type=\"widget\" data-widget_type=\"heading.default\">\n\t\t\t\t\t<h2 class=\"elementor-heading-title elementor-size-default\">Pronto para fortalecer a log\u00edstica da sua safra?<\/h2>\t\t\t\t<\/div>\n\t\t\t\t<div class=\"elementor-element elementor-element-7a7030d4 elementor-widget__width-initial elementor-widget-mobile__width-initial elementor-widget elementor-widget-text-editor\" data-id=\"7a7030d4\" data-element_type=\"widget\" data-e-type=\"widget\" data-widget_type=\"text-editor.default\">\n\t\t\t\t\t\t\t\t\t<p><span style=\"font-weight: 400;\">Nossa equipe t\u00e9cnica entende os desafios do campo e est\u00e1 pronta para indicar a embalagem ideal para o seu insumo, garantindo seguran\u00e7a do envase \u00e0 aplica\u00e7\u00e3o.<\/span><\/p>\t\t\t\t\t\t\t\t<\/div>\n\t\t\t\t<div class=\"elementor-element elementor-element-4fa60201 elementor-widget__width-initial elementor-widget elementor-widget-image\" data-id=\"4fa60201\" data-element_type=\"widget\" data-e-type=\"widget\" data-widget_type=\"image.default\">\n\t\t\t\t\t\t\t\t\t\t\t\t\t\t\t<img decoding=\"async\" width=\"800\" height=\"367\" src=\"https:\/\/staging.letrade.com.br\/tecnotam\/wp-content\/uploads\/2026\/03\/produtos-tecnotam-1024x470.webp\" class=\"attachment-large size-large wp-image-103\" alt=\"\" srcset=\"https:\/\/staging.letrade.com.br\/tecnotam\/wp-content\/uploads\/2026\/03\/produtos-tecnotam-1024x470.webp 1024w, https:\/\/staging.letrade.com.br\/tecnotam\/wp-content\/uploads\/2026\/03\/produtos-tecnotam-300x138.webp 300w, https:\/\/staging.letrade.com.br\/tecnotam\/wp-content\/uploads\/2026\/03\/produtos-tecnotam-768x352.webp 768w, https:\/\/staging.letrade.com.br\/tecnotam\/wp-content\/uploads\/2026\/03\/produtos-tecnotam.webp 1059w\" sizes=\"(max-width: 800px) 100vw, 800px\" \/>\t\t\t\t\t\t\t\t\t\t\t\t\t\t\t<\/div>\n\t\t\t\t<div class=\"elementor-element elementor-element-29a1628 elementor-widget elementor-widget-button\" data-id=\"29a1628\" data-element_type=\"widget\" data-e-type=\"widget\" data-widget_type=\"button.default\">\n\t\t\t\t\t\t\t\t\t\t<a class=\"elementor-button elementor-button-link elementor-size-sm\" href=\"#\">\n\t\t\t\t\t\t<span class=\"elementor-button-content-wrapper\">\n\t\t\t\t\t\t<span class=\"elementor-button-icon\">\n\t\t\t\t<svg aria-hidden=\"true\" class=\"e-font-icon-svg e-fas-arrow-right\" viewBox=\"0 0 448 512\" xmlns=\"http:\/\/www.w3.org\/2000\/svg\"><path d=\"M190.5 66.9l22.2-22.2c9.4-9.4 24.6-9.4 33.9 0L441 239c9.4 9.4 9.4 24.6 0 33.9L246.6 467.3c-9.4 9.4-24.6 9.4-33.9 0l-22.2-22.2c-9.5-9.5-9.3-25 .4-34.3L311.4 296H24c-13.3 0-24-10.7-24-24v-32c0-13.3 10.7-24 24-24h287.4L190.9 101.2c-9.8-9.3-10-24.8-.4-34.3z\"><\/path><\/svg>\t\t\t<\/span>\n\t\t\t\t\t\t\t\t\t<span class=\"elementor-button-text\">Solicitar Cota\u00e7\u00e3o para o Agroneg\u00f3cio<\/span>\n\t\t\t\t\t<\/span>\n\t\t\t\t\t<\/a>\n\t\t\t\t\t\t\t\t<\/div>\n\t\t\t\t\t<\/div>\n\t\t\t\t<\/div>\n\t\t\t\t<\/div>\n\t\t","protected":false},"excerpt":{"rendered":"<p>solu\u00e7\u00f5es para o agroneg\u00f3cio Solu\u00e7\u00f5es Completas em Embalagens para o Agroneg\u00f3cio. Seguran\u00e7a e efici\u00eancia no transporte de defensivos, fertilizantes e insumos para o campo. Falar com o consultor agro Os pilares da solu\u00e7\u00e3o O campo n\u00e3o para, e a seguran\u00e7a da sua carga tamb\u00e9m n\u00e3o pode parar. Oferecemos um portf\u00f3lio robusto projetado para suportar as [&hellip;]<\/p>\n","protected":false},"author":1,"featured_media":0,"parent":0,"menu_order":0,"comment_status":"closed","ping_status":"closed","template":"","meta":{"footnotes":""},"class_list":["post-730","page","type-page","status-publish","hentry"],"_links":{"self":[{"href":"https:\/\/staging.letrade.com.br\/tecnotam\/wp-json\/wp\/v2\/pages\/730","targetHints":{"allow":["GET"]}}],"collection":[{"href":"https:\/\/staging.letrade.com.br\/tecnotam\/wp-json\/wp\/v2\/pages"}],"about":[{"href":"https:\/\/staging.letrade.com.br\/tecnotam\/wp-json\/wp\/v2\/types\/page"}],"author":[{"embeddable":true,"href":"https:\/\/staging.letrade.com.br\/tecnotam\/wp-json\/wp\/v2\/users\/1"}],"replies":[{"embeddable":true,"href":"https:\/\/staging.letrade.com.br\/tecnotam\/wp-json\/wp\/v2\/comments?post=730"}],"version-history":[{"count":19,"href":"https:\/\/staging.letrade.com.br\/tecnotam\/wp-json\/wp\/v2\/pages\/730\/revisions"}],"predecessor-version":[{"id":925,"href":"https:\/\/staging.letrade.com.br\/tecnotam\/wp-json\/wp\/v2\/pages\/730\/revisions\/925"}],"wp:attachment":[{"href":"https:\/\/staging.letrade.com.br\/tecnotam\/wp-json\/wp\/v2\/media?parent=730"}],"curies":[{"name":"wp","href":"https:\/\/api.w.org\/{rel}","templated":true}]}}