{"id":714,"date":"2026-04-02T16:35:13","date_gmt":"2026-04-02T16:35:13","guid":{"rendered":"http:\/\/tecnotam-site-novo.local\/?page_id=714"},"modified":"2026-04-27T19:33:01","modified_gmt":"2026-04-27T19:33:01","slug":"alimentos-e-bebidas","status":"publish","type":"page","link":"https:\/\/staging.letrade.com.br\/tecnotam\/alimentos-e-bebidas\/","title":{"rendered":"Alimentos e Bebidas"},"content":{"rendered":"\t\t<div data-elementor-type=\"wp-page\" data-elementor-id=\"714\" class=\"elementor elementor-714\" data-elementor-post-type=\"page\">\n\t\t\t\t<div class=\"elementor-element elementor-element-40a87d9f e-flex e-con-boxed e-con e-parent\" data-id=\"40a87d9f\" data-element_type=\"container\" data-e-type=\"container\" data-settings=\"{&quot;background_background&quot;:&quot;classic&quot;}\">\n\t\t\t\t\t<div class=\"e-con-inner\">\n\t\t\t\t<div class=\"elementor-element elementor-element-50124845 elementor-widget elementor-widget-text-editor\" data-id=\"50124845\" data-element_type=\"widget\" data-e-type=\"widget\" data-widget_type=\"text-editor.default\">\n\t\t\t\t\t\t\t\t\t<p>solu\u00e7\u00f5es para alimentos e bebidas<\/p>\t\t\t\t\t\t\t\t<\/div>\n\t\t\t\t<div class=\"elementor-element elementor-element-7aad9586 elementor-widget__width-initial elementor-widget elementor-widget-heading\" data-id=\"7aad9586\" data-element_type=\"widget\" data-e-type=\"widget\" data-widget_type=\"heading.default\">\n\t\t\t\t\t<h1 class=\"elementor-heading-title elementor-size-default\">Solu\u00e7\u00f5es Completas em Embalagens para o Setor de Alimentos e Bebidas.<\/h1>\t\t\t\t<\/div>\n\t\t\t\t<div class=\"elementor-element elementor-element-6f6be4b3 elementor-widget__width-initial elementor-widget elementor-widget-text-editor\" data-id=\"6f6be4b3\" data-element_type=\"widget\" data-e-type=\"widget\" data-widget_type=\"text-editor.default\">\n\t\t\t\t\t\t\t\t\t<p><span style=\"font-weight: 400;\">M\u00e1xima higiene, atoxicidade e conformidade sanit\u00e1ria para o transporte de insumos, l\u00edquidos e ingredientes.<\/span><\/p>\t\t\t\t\t\t\t\t<\/div>\n\t\t\t\t<div class=\"elementor-element elementor-element-75fb5864 elementor-widget elementor-widget-button\" data-id=\"75fb5864\" data-element_type=\"widget\" data-e-type=\"widget\" data-widget_type=\"button.default\">\n\t\t\t\t\t\t\t\t\t\t<a class=\"elementor-button elementor-button-link elementor-size-sm\" href=\"#\">\n\t\t\t\t\t\t<span class=\"elementor-button-content-wrapper\">\n\t\t\t\t\t\t<span class=\"elementor-button-icon\">\n\t\t\t\t<svg aria-hidden=\"true\" class=\"e-font-icon-svg e-far-comment\" viewBox=\"0 0 512 512\" xmlns=\"http:\/\/www.w3.org\/2000\/svg\"><path d=\"M256 32C114.6 32 0 125.1 0 240c0 47.6 19.9 91.2 52.9 126.3C38 405.7 7 439.1 6.5 439.5c-6.6 7-8.4 17.2-4.6 26S14.4 480 24 480c61.5 0 110-25.7 139.1-46.3C192 442.8 223.2 448 256 448c141.4 0 256-93.1 256-208S397.4 32 256 32zm0 368c-26.7 0-53.1-4.1-78.4-12.1l-22.7-7.2-19.5 13.8c-14.3 10.1-33.9 21.4-57.5 29 7.3-12.1 14.4-25.7 19.9-40.2l10.6-28.1-20.6-21.8C69.7 314.1 48 282.2 48 240c0-88.2 93.3-160 208-160s208 71.8 208 160-93.3 160-208 160z\"><\/path><\/svg>\t\t\t<\/span>\n\t\t\t\t\t\t\t\t\t<span class=\"elementor-button-text\">Falar com consultor de grau aliment\u00edcio<\/span>\n\t\t\t\t\t<\/span>\n\t\t\t\t\t<\/a>\n\t\t\t\t\t\t\t\t<\/div>\n\t\t\t\t\t<\/div>\n\t\t\t\t<\/div>\n\t\t<div class=\"elementor-element elementor-element-54edcae e-flex e-con-boxed e-con e-parent\" data-id=\"54edcae\" data-element_type=\"container\" data-e-type=\"container\">\n\t\t\t\t\t<div class=\"e-con-inner\">\n\t\t\t\t<div class=\"elementor-element elementor-element-98ebaa elementor-widget elementor-widget-heading\" data-id=\"98ebaa\" data-element_type=\"widget\" data-e-type=\"widget\" data-widget_type=\"heading.default\">\n\t\t\t\t\t<h2 class=\"elementor-heading-title elementor-size-default\">Expertise Tecnotam no Setor<\/h2>\t\t\t\t<\/div>\n\t\t\t\t<div class=\"elementor-element elementor-element-6065ddd3 elementor-widget__width-initial elementor-widget elementor-widget-text-editor\" data-id=\"6065ddd3\" data-element_type=\"widget\" data-e-type=\"widget\" data-widget_type=\"text-editor.default\">\n\t\t\t\t\t\t\t\t\t<p><span style=\"font-weight: 400;\">Entendemos o rigor da ind\u00fastria aliment\u00edcia. Por isso, oferecemos um portf\u00f3lio de embalagens at\u00f3xicas que combina a alta capacidade dos IBCs Tecnobulk com a versatilidade dos nossos tambores em PEAD virgem. Garantimos a integridade do seu produto com rastreabilidade total e processos de higieniza\u00e7\u00e3o validados.<\/span><\/p>\t\t\t\t\t\t\t\t<\/div>\n\t\t<div class=\"elementor-element elementor-element-2ca8ed9b e-con-full e-flex e-con e-child\" data-id=\"2ca8ed9b\" data-element_type=\"container\" data-e-type=\"container\" data-settings=\"{&quot;background_background&quot;:&quot;classic&quot;}\">\n\t\t\t\t<div class=\"elementor-element elementor-element-11557d67 elementor-widget__width-inherit elementor-widget elementor-widget-heading\" data-id=\"11557d67\" data-element_type=\"widget\" data-e-type=\"widget\" data-widget_type=\"heading.default\">\n\t\t\t\t\t<h1 class=\"elementor-heading-title elementor-size-default\">Linha Tecnobulk (IBCs)<\/h1>\t\t\t\t<\/div>\n\t\t\t\t<div class=\"elementor-element elementor-element-48773596 elementor-widget__width-initial elementor-widget elementor-widget-image\" data-id=\"48773596\" data-element_type=\"widget\" data-e-type=\"widget\" data-widget_type=\"image.default\">\n\t\t\t\t\t\t\t\t\t\t\t\t\t\t\t<img fetchpriority=\"high\" decoding=\"async\" width=\"800\" height=\"854\" src=\"https:\/\/staging.letrade.com.br\/tecnotam\/wp-content\/uploads\/2026\/03\/ibc-novo-palete-de-aco-959x1024.webp\" class=\"attachment-large size-large wp-image-48\" alt=\"\" srcset=\"https:\/\/staging.letrade.com.br\/tecnotam\/wp-content\/uploads\/2026\/03\/ibc-novo-palete-de-aco-959x1024.webp 959w, https:\/\/staging.letrade.com.br\/tecnotam\/wp-content\/uploads\/2026\/03\/ibc-novo-palete-de-aco-281x300.webp 281w, https:\/\/staging.letrade.com.br\/tecnotam\/wp-content\/uploads\/2026\/03\/ibc-novo-palete-de-aco-768x820.webp 768w, https:\/\/staging.letrade.com.br\/tecnotam\/wp-content\/uploads\/2026\/03\/ibc-novo-palete-de-aco-1438x1536.webp 1438w, https:\/\/staging.letrade.com.br\/tecnotam\/wp-content\/uploads\/2026\/03\/ibc-novo-palete-de-aco-1917x2048.webp 1917w\" sizes=\"(max-width: 800px) 100vw, 800px\" \/>\t\t\t\t\t\t\t\t\t\t\t\t\t\t\t<\/div>\n\t\t\t\t<div class=\"elementor-element elementor-element-394b4da8 elementor-widget__width-initial elementor-widget-mobile__width-inherit elementor-widget elementor-widget-text-editor\" data-id=\"394b4da8\" data-element_type=\"widget\" data-e-type=\"widget\" data-widget_type=\"text-editor.default\">\n\t\t\t\t\t\t\t\t\t<ul><li style=\"font-weight: 400;\" aria-level=\"1\"><b>Foco:<\/b><span style=\"font-weight: 400;\"> Grandes volumes (1.000L) e otimiza\u00e7\u00e3o de espa\u00e7o.<\/span><\/li><li style=\"font-weight: 400;\" aria-level=\"1\"><b>Destaques:<\/b><ul><li style=\"font-weight: 400;\" aria-level=\"2\"><span style=\"font-weight: 400;\">Homologa\u00e7\u00e3o para densidade de at\u00e9 <\/span><b>1.9<\/b><span style=\"font-weight: 400;\"> (A\u00e7o) e <\/span><b>1.6<\/b><span style=\"font-weight: 400;\"> (Madeira).<\/span><\/li><li style=\"font-weight: 400;\" aria-level=\"2\"><span style=\"font-weight: 400;\">Modelos Antiest\u00e1ticos (EX) para \u00e1reas inflam\u00e1veis.<\/span><\/li><li style=\"font-weight: 400;\" aria-level=\"2\"><span style=\"font-weight: 400;\">Estrutura em a\u00e7o galvanizado ultra resistente.<\/span><\/li><\/ul><\/li><\/ul>\t\t\t\t\t\t\t\t<\/div>\n\t\t\t\t<\/div>\n\t\t<div class=\"elementor-element elementor-element-2001d570 e-con-full e-flex e-con e-child\" data-id=\"2001d570\" data-element_type=\"container\" data-e-type=\"container\" data-settings=\"{&quot;background_background&quot;:&quot;classic&quot;}\">\n\t\t\t\t<div class=\"elementor-element elementor-element-6f498037 elementor-widget__width-inherit elementor-widget elementor-widget-heading\" data-id=\"6f498037\" data-element_type=\"widget\" data-e-type=\"widget\" data-widget_type=\"heading.default\">\n\t\t\t\t\t<h1 class=\"elementor-heading-title elementor-size-default\">Linha de Tambores (200L)<\/h1>\t\t\t\t<\/div>\n\t\t\t\t<div class=\"elementor-element elementor-element-a7c1544 elementor-widget__width-initial elementor-widget elementor-widget-image\" data-id=\"a7c1544\" data-element_type=\"widget\" data-e-type=\"widget\" data-widget_type=\"image.default\">\n\t\t\t\t\t\t\t\t\t\t\t\t\t\t\t<img decoding=\"async\" width=\"310\" height=\"419\" src=\"https:\/\/staging.letrade.com.br\/tecnotam\/wp-content\/uploads\/2026\/03\/tambores.webp\" class=\"attachment-large size-large wp-image-87\" alt=\"\" srcset=\"https:\/\/staging.letrade.com.br\/tecnotam\/wp-content\/uploads\/2026\/03\/tambores.webp 310w, https:\/\/staging.letrade.com.br\/tecnotam\/wp-content\/uploads\/2026\/03\/tambores-222x300.webp 222w\" sizes=\"(max-width: 310px) 100vw, 310px\" \/>\t\t\t\t\t\t\t\t\t\t\t\t\t\t\t<\/div>\n\t\t\t\t<div class=\"elementor-element elementor-element-383b3f17 elementor-widget__width-initial elementor-widget-mobile__width-inherit elementor-widget elementor-widget-text-editor\" data-id=\"383b3f17\" data-element_type=\"widget\" data-e-type=\"widget\" data-widget_type=\"text-editor.default\">\n\t\t\t\t\t\t\t\t\t<ul><li style=\"font-weight: 400;\" aria-level=\"1\"><b>Foco:<\/b><span style=\"font-weight: 400;\"> Fracionamento, amostras e envase especializado.<\/span><\/li><li style=\"font-weight: 400;\" aria-level=\"1\"><b>Destaques:<\/b><ul><li style=\"font-weight: 400;\" aria-level=\"2\"><b>Tambores Met\u00e1licos:<\/b><span style=\"font-weight: 400;\"> Com revestimento interno (Verniz\/Ep\u00f3xi) para solventes e qu\u00edmicos agressivos.<br \/><\/span><\/li><li><span style=\"font-weight: 400;\">Op\u00e7\u00f5es de tampa fixa ou remov\u00edvel, atendendo normas internacionais.<br \/><br \/><\/span><\/li><li style=\"font-weight: 400;\" aria-level=\"2\"><b>Bombonas (PEAD):<\/b><span style=\"font-weight: 400;\"> Inertes e resistentes a corrosivos.<\/span><\/li><\/ul><\/li><\/ul>\t\t\t\t\t\t\t\t<\/div>\n\t\t\t\t<\/div>\n\t\t\t\t\t<\/div>\n\t\t\t\t<\/div>\n\t\t<div class=\"elementor-element elementor-element-22ecf536 e-flex e-con-boxed e-con e-parent\" data-id=\"22ecf536\" data-element_type=\"container\" data-e-type=\"container\" data-settings=\"{&quot;background_background&quot;:&quot;classic&quot;}\">\n\t\t\t\t\t<div class=\"e-con-inner\">\n\t\t\t\t<div class=\"elementor-element elementor-element-63146f1f elementor-widget__width-inherit elementor-widget elementor-widget-heading\" data-id=\"63146f1f\" data-element_type=\"widget\" data-e-type=\"widget\" data-widget_type=\"heading.default\">\n\t\t\t\t\t<h2 class=\"elementor-heading-title elementor-size-default\">Aplica\u00e7\u00f5es e Diferenciais T\u00e9cnicos<\/h2>\t\t\t\t<\/div>\n\t\t<div class=\"elementor-element elementor-element-397db698 e-con-full e-flex e-con e-child\" data-id=\"397db698\" data-element_type=\"container\" data-e-type=\"container\" data-settings=\"{&quot;background_background&quot;:&quot;classic&quot;}\">\n\t\t\t\t<div class=\"elementor-element elementor-element-15d8f8df elementor-view-default elementor-widget elementor-widget-icon\" data-id=\"15d8f8df\" data-element_type=\"widget\" data-e-type=\"widget\" data-widget_type=\"icon.default\">\n\t\t\t\t\t\t\t<div class=\"elementor-icon-wrapper\">\n\t\t\t<div class=\"elementor-icon\">\n\t\t\t<svg xmlns=\"http:\/\/www.w3.org\/2000\/svg\" xmlns:svg=\"http:\/\/www.w3.org\/2000\/svg\" xmlns:xlink=\"http:\/\/www.w3.org\/1999\/xlink\" id=\"svg573\" viewBox=\"0 0 682.7 682.7\"><defs><clipPath id=\"clippath\"><rect width=\"682.7\" height=\"682.7\" fill=\"none\"><\/rect><\/clipPath><\/defs><g id=\"g579\"><g id=\"g581\"><g clip-path=\"url(#clippath)\"><g id=\"g583\"><g id=\"g589\"><g id=\"path591\"><path d=\"M341.3,682.7c-45.9,0-90.5-9.1-132.6-26.9-40.6-17.2-77.1-41.9-108.5-73.3-31.4-31.4-56.1-67.9-73.3-108.5C9.1,431.8,0,387.2,0,341.3s9.1-90.5,26.9-132.6c17.2-40.6,41.9-77.1,73.3-108.5,31.4-31.4,67.9-56.1,108.5-73.3C250.8,9.1,295.4,0,341.3,0s90.5,9.1,132.6,26.9c40.6,17.2,77.1,41.9,108.5,73.3s56.1,67.9,73.3,108.5c17.9,42.1,26.9,86.7,26.9,132.6s-9.1,90.5-26.9,132.6c-17.2,40.6-41.9,77.1-73.3,108.5-31.4,31.4-67.9,56.1-108.5,73.3-42.1,17.9-86.7,26.9-132.6,26.9ZM341.3,40c-166.2,0-301.3,135.2-301.3,301.3s135.2,301.3,301.3,301.3,301.3-135.2,301.3-301.3S507.5,40,341.3,40Z\"><\/path><\/g><\/g><g id=\"g593\"><g id=\"path595\"><path d=\"M341.3,561.3h-40c-99.3,0-180-80.7-180-180v-40c0-11,9-20,20-20h40c99.3,0,180,80.7,180,180v40c0,11-9,20-20,20ZM161.3,361.3v20c0,77.2,62.8,140,140,140h20v-20c0-77.2-62.8-140-140-140h-20Z\"><\/path><\/g><\/g><g id=\"g597\"><g id=\"path599\"><path d=\"M381.3,561.3h-40c-11,0-20-9-20-20v-40c0-99.3,80.7-180,180-180h40c11,0,20,9,20,20v40c0,99.3-80.7,180-180,180ZM361.3,521.3h20c77.2,0,140-62.8,140-140v-20h-20c-77.2,0-140,62.8-140,140v20Z\"><\/path><\/g><\/g><g id=\"g601\"><g id=\"path603\"><path d=\"M341.3,601.3c-11,0-20-9-20-20V221.3c0-11,9-20,20-20s20,9,20,20v360c0,11-9,20-20,20Z\"><\/path><\/g><\/g><g id=\"g605\"><g id=\"path607\"><path d=\"M341.3,361.3c-3.9,0-7.8-1.1-11.2-3.4-3.6-2.4-88.8-60.5-88.8-136.6s85.2-134.2,88.8-136.6c6.7-4.5,15.6-4.5,22.3,0,3.6,2.4,88.8,60.5,88.8,136.6s-85.2,134.2-88.8,136.6c-3.4,2.3-7.3,3.4-11.1,3.4ZM341.3,126.4c-20,16.2-60,53.8-60,94.9s40,78.7,60,94.9c20-16.2,60-53.8,60-94.9s-40-78.7-60-94.9Z\"><\/path><\/g><\/g><g id=\"g609\"><g id=\"path611\"><path d=\"M341.3,561.3c-5.3,0-10.4-2.1-14.1-5.9l-80-80c-7.8-7.8-7.8-20.5,0-28.3s20.5-7.8,28.3,0l65.9,65.9,65.9-65.9c7.8-7.8,20.5-7.8,28.3,0,7.8,7.8,7.8,20.5,0,28.3l-80,80c-3.8,3.8-8.8,5.9-14.1,5.9Z\"><\/path><\/g><\/g><\/g><\/g><\/g><\/g><\/svg>\t\t\t<\/div>\n\t\t<\/div>\n\t\t\t\t\t\t<\/div>\n\t\t\t\t<div class=\"elementor-element elementor-element-7569d7bf elementor-widget elementor-widget-heading\" data-id=\"7569d7bf\" data-element_type=\"widget\" data-e-type=\"widget\" data-widget_type=\"heading.default\">\n\t\t\t\t\t<h2 class=\"elementor-heading-title elementor-size-default\">Atoxicidade Garantida<\/h2>\t\t\t\t<\/div>\n\t\t\t\t<div class=\"elementor-element elementor-element-3e0d2855 elementor-widget elementor-widget-text-editor\" data-id=\"3e0d2855\" data-element_type=\"widget\" data-e-type=\"widget\" data-widget_type=\"text-editor.default\">\n\t\t\t\t\t\t\t\t\t<p><span style=\"font-weight: 400;\">Mat\u00e9ria-prima certificada para contato direto com alimentos e bebidas.<\/span><\/p>\t\t\t\t\t\t\t\t<\/div>\n\t\t\t\t<\/div>\n\t\t<div class=\"elementor-element elementor-element-2b334f1a e-con-full e-flex e-con e-child\" data-id=\"2b334f1a\" data-element_type=\"container\" data-e-type=\"container\" data-settings=\"{&quot;background_background&quot;:&quot;classic&quot;}\">\n\t\t\t\t<div class=\"elementor-element elementor-element-4427d2f8 elementor-view-default elementor-widget elementor-widget-icon\" data-id=\"4427d2f8\" data-element_type=\"widget\" data-e-type=\"widget\" data-widget_type=\"icon.default\">\n\t\t\t\t\t\t\t<div class=\"elementor-icon-wrapper\">\n\t\t\t<div class=\"elementor-icon\">\n\t\t\t<svg xmlns=\"http:\/\/www.w3.org\/2000\/svg\" id=\"Layer_1\" viewBox=\"0 0 512 512\"><path d=\"M198.7,63.2c0-24.1,10.6-36.4,11.7-37.6,5.7-5.5,6.1-14.3,1-20.3-5.1-6.1-14.3-7-20.6-2.2-2.9,2.2-70.3,53.7-70.3,140.5-4,149.3,247.9,236.9,181,342.8-13.2,13.4,4.5,33.4,19.7,22.5,2.9-2.2,70.3-53.7,70.3-140.5,0-135.2-192.8-218.8-192.8-305.1h0ZM342.7,437.9c-18.2-120.3-262.7-208.8-173.3-363.9,18.2,120.3,262.7,208.8,173.3,363.9Z\"><\/path><path d=\"M187.2,363.5c-29.9-25.1-60.7-51.1-60.7-83.4s-6.7-15-15-15-15,6.7-15,15c-3.3,85.9,147.7,129.6,114.5,182.2-13.5,14.6,6.6,34.7,21.2,21.2,1.4-1.4,13.6-14.3,13.6-38.1,0-32.5-28.5-56.5-58.6-81.8h0Z\"><\/path><path d=\"M344.2,125.5c-29.3-24.8-60.3-49.3-43.1-75.8,13.5-14.6-6.6-34.7-21.2-21.2-1.4,1.4-13.6,14.3-13.6,38.1-.4,64.8,119.2,100.5,119.3,165.2,0,8.3,6.7,15,15,15s15-6.7,15-15c0-46.3-37.9-78.2-71.4-106.4h0Z\"><\/path><\/svg>\t\t\t<\/div>\n\t\t<\/div>\n\t\t\t\t\t\t<\/div>\n\t\t\t\t<div class=\"elementor-element elementor-element-6bd9b9c elementor-widget elementor-widget-heading\" data-id=\"6bd9b9c\" data-element_type=\"widget\" data-e-type=\"widget\" data-widget_type=\"heading.default\">\n\t\t\t\t\t<h2 class=\"elementor-heading-title elementor-size-default\">Prote\u00e7\u00e3o de sabor e aroma<\/h2>\t\t\t\t<\/div>\n\t\t\t\t<div class=\"elementor-element elementor-element-86bdc98 elementor-widget elementor-widget-text-editor\" data-id=\"86bdc98\" data-element_type=\"widget\" data-e-type=\"widget\" data-widget_type=\"text-editor.default\">\n\t\t\t\t\t\t\t\t\t<p><span style=\"font-weight: 400;\">Embalagens que n\u00e3o transferem odor ou gosto aos insumos.<\/span><\/p>\t\t\t\t\t\t\t\t<\/div>\n\t\t\t\t<\/div>\n\t\t<div class=\"elementor-element elementor-element-359fbf86 e-con-full e-flex e-con e-child\" data-id=\"359fbf86\" data-element_type=\"container\" data-e-type=\"container\" data-settings=\"{&quot;background_background&quot;:&quot;classic&quot;}\">\n\t\t\t\t<div class=\"elementor-element elementor-element-5d965e61 elementor-view-default elementor-widget elementor-widget-icon\" data-id=\"5d965e61\" data-element_type=\"widget\" data-e-type=\"widget\" data-widget_type=\"icon.default\">\n\t\t\t\t\t\t\t<div class=\"elementor-icon-wrapper\">\n\t\t\t<div class=\"elementor-icon\">\n\t\t\t<svg xmlns=\"http:\/\/www.w3.org\/2000\/svg\" id=\"Layer_1\" viewBox=\"0 0 512 512\"><g id=\"Layer_2\"><path d=\"M256,482.3c-6.4,0-12.6-1.6-18.1-4.7l-71.9-39.9c-72.8-40.5-117.9-117.2-118-200.5v-110.8c0-19.1,14.4-35.1,33.5-37.1,28.6-3,56.8-9.4,83.9-19,24.9-8.8,48.7-20.2,71.2-34.1,12-7.3,27-7.3,39,0,22.4,13.9,46.3,25.3,71.2,34.1,27.1,9.6,55.3,15.9,83.9,19,19,2,33.5,18,33.5,37.1v110.8c0,83.3-45.2,160-118,200.5l-71.9,39.9c-5.5,3.1-11.8,4.7-18.1,4.7h0ZM256,62.6c-.9,0-1.9.3-2.7.7h0c-24.4,15.1-50.3,27.5-77.3,37-29.5,10.4-60.1,17.3-91.2,20.6-2.7.2-4.8,2.5-4.8,5.3v110.8c0,71.7,38.9,137.7,101.5,172.5l71.9,39.9c1.6.9,3.5.9,5.1,0l71.9-40c62.6-34.8,101.5-100.8,101.5-172.5v-110.8c0-2.7-2.1-5-4.8-5.3-31.1-3.3-61.7-10.2-91.2-20.6-27-9.6-52.9-22-77.3-37-.8-.5-1.7-.8-2.7-.7h0Z\"><\/path><path d=\"M245.3,304c-3.9,0-7.7-1.4-10.6-4l-48-42.7c-6.6-5.9-7.2-16-1.3-22.6,5.9-6.6,15.9-7.2,22.5-1.3l36.4,32.3,69.4-74c6-6.5,16.1-7,22.6-1,6.5,6,7,16.1,1,22.6,0,0-.2.2-.3.3l-80,85.3c-3,3.2-7.2,5.1-11.7,5.1h0Z\"><\/path><\/g><\/svg>\t\t\t<\/div>\n\t\t<\/div>\n\t\t\t\t\t\t<\/div>\n\t\t\t\t<div class=\"elementor-element elementor-element-1d37fe40 elementor-widget elementor-widget-heading\" data-id=\"1d37fe40\" data-element_type=\"widget\" data-e-type=\"widget\" data-widget_type=\"heading.default\">\n\t\t\t\t\t<h2 class=\"elementor-heading-title elementor-size-default\">Gest\u00e3o P\u00f3s-Consumo<\/h2>\t\t\t\t<\/div>\n\t\t\t\t<div class=\"elementor-element elementor-element-417e9a40 elementor-widget elementor-widget-text-editor\" data-id=\"417e9a40\" data-element_type=\"widget\" data-e-type=\"widget\" data-widget_type=\"text-editor.default\">\n\t\t\t\t\t\t\t\t\t<p><span style=\"font-weight: 400;\">Fornecemos a embalagem nova e realizamos a coleta e higieniza\u00e7\u00e3o especializada para reuso seguro (Economia Circular).<\/span><\/p>\t\t\t\t\t\t\t\t<\/div>\n\t\t\t\t<\/div>\n\t\t<div class=\"elementor-element elementor-element-318222d1 e-con-full e-flex e-con e-child\" data-id=\"318222d1\" data-element_type=\"container\" data-e-type=\"container\" data-settings=\"{&quot;background_background&quot;:&quot;classic&quot;}\">\n\t\t\t\t<\/div>\n\t\t\t\t\t<\/div>\n\t\t\t\t<\/div>\n\t\t<div class=\"elementor-element elementor-element-95c5d3d e-flex e-con-boxed e-con e-parent\" data-id=\"95c5d3d\" data-element_type=\"container\" data-e-type=\"container\" data-settings=\"{&quot;background_background&quot;:&quot;classic&quot;}\">\n\t\t\t\t\t<div class=\"e-con-inner\">\n\t\t\t\t<div class=\"elementor-element elementor-element-3c47a00 elementor-widget__width-inherit elementor-widget elementor-widget-heading\" data-id=\"3c47a00\" data-element_type=\"widget\" data-e-type=\"widget\" data-widget_type=\"heading.default\">\n\t\t\t\t\t<h2 class=\"elementor-heading-title elementor-size-default\">Licen\u00e7as e Certifica\u00e7\u00f5es<\/h2>\t\t\t\t<\/div>\n\t\t\t\t<div class=\"elementor-element elementor-element-39a6c8d elementor-widget elementor-widget-button\" data-id=\"39a6c8d\" data-element_type=\"widget\" data-e-type=\"widget\" data-widget_type=\"button.default\">\n\t\t\t\t\t\t\t\t\t\t<a class=\"elementor-button elementor-button-link elementor-size-sm\" href=\"#\" target=\"_blank\" rel=\"nofollow\">\n\t\t\t\t\t\t<span class=\"elementor-button-content-wrapper\">\n\t\t\t\t\t\t<span class=\"elementor-button-icon\">\n\t\t\t\t<svg aria-hidden=\"true\" class=\"e-font-icon-svg e-fas-file-alt\" viewBox=\"0 0 384 512\" xmlns=\"http:\/\/www.w3.org\/2000\/svg\"><path d=\"M224 136V0H24C10.7 0 0 10.7 0 24v464c0 13.3 10.7 24 24 24h336c13.3 0 24-10.7 24-24V160H248c-13.2 0-24-10.8-24-24zm64 236c0 6.6-5.4 12-12 12H108c-6.6 0-12-5.4-12-12v-8c0-6.6 5.4-12 12-12h168c6.6 0 12 5.4 12 12v8zm0-64c0 6.6-5.4 12-12 12H108c-6.6 0-12-5.4-12-12v-8c0-6.6 5.4-12 12-12h168c6.6 0 12 5.4 12 12v8zm0-72v8c0 6.6-5.4 12-12 12H108c-6.6 0-12-5.4-12-12v-8c0-6.6 5.4-12 12-12h168c6.6 0 12 5.4 12 12zm96-114.1v6.1H256V0h6.1c6.4 0 12.5 2.5 17 7l97.9 98c4.5 4.5 7 10.6 7 16.9z\"><\/path><\/svg>\t\t\t<\/span>\n\t\t\t\t\t\t\t\t\t<span class=\"elementor-button-text\">Licen\u00e7as e Certifica\u00e7\u00f5es<\/span>\n\t\t\t\t\t<\/span>\n\t\t\t\t\t<\/a>\n\t\t\t\t\t\t\t\t<\/div>\n\t\t\t\t\t<\/div>\n\t\t\t\t<\/div>\n\t\t<div class=\"elementor-element elementor-element-5c329a6e e-flex e-con-boxed e-con e-parent\" data-id=\"5c329a6e\" data-element_type=\"container\" data-e-type=\"container\" data-settings=\"{&quot;background_background&quot;:&quot;classic&quot;}\">\n\t\t\t\t\t<div class=\"e-con-inner\">\n\t\t\t\t<div class=\"elementor-element elementor-element-73d5ece1 elementor-widget__width-auto elementor-widget elementor-widget-heading\" data-id=\"73d5ece1\" data-element_type=\"widget\" data-e-type=\"widget\" data-widget_type=\"heading.default\">\n\t\t\t\t\t<h2 class=\"elementor-heading-title elementor-size-default\">Pronto para elevar o padr\u00e3o de higiene da sua opera\u00e7\u00e3o?<\/h2>\t\t\t\t<\/div>\n\t\t\t\t<div class=\"elementor-element elementor-element-14ff8b5b elementor-widget__width-initial elementor-widget elementor-widget-text-editor\" data-id=\"14ff8b5b\" data-element_type=\"widget\" data-e-type=\"widget\" data-widget_type=\"text-editor.default\">\n\t\t\t\t\t\t\t\t\t<p><span style=\"font-weight: 400;\">Seja para transporte de \u00f3leos, sucos, xaropes ou aditivos, nossa equipe t\u00e9cnica configura a embalagem ideal para preservar a qualidade da sua carga.<\/span><\/p>\t\t\t\t\t\t\t\t<\/div>\n\t\t\t\t<div class=\"elementor-element elementor-element-1baf361d elementor-widget__width-initial elementor-widget elementor-widget-image\" data-id=\"1baf361d\" data-element_type=\"widget\" data-e-type=\"widget\" data-widget_type=\"image.default\">\n\t\t\t\t\t\t\t\t\t\t\t\t\t\t\t<img decoding=\"async\" width=\"800\" height=\"367\" src=\"https:\/\/staging.letrade.com.br\/tecnotam\/wp-content\/uploads\/2026\/03\/produtos-tecnotam-1024x470.webp\" class=\"attachment-large size-large wp-image-103\" alt=\"\" srcset=\"https:\/\/staging.letrade.com.br\/tecnotam\/wp-content\/uploads\/2026\/03\/produtos-tecnotam-1024x470.webp 1024w, https:\/\/staging.letrade.com.br\/tecnotam\/wp-content\/uploads\/2026\/03\/produtos-tecnotam-300x138.webp 300w, https:\/\/staging.letrade.com.br\/tecnotam\/wp-content\/uploads\/2026\/03\/produtos-tecnotam-768x352.webp 768w, https:\/\/staging.letrade.com.br\/tecnotam\/wp-content\/uploads\/2026\/03\/produtos-tecnotam.webp 1059w\" sizes=\"(max-width: 800px) 100vw, 800px\" \/>\t\t\t\t\t\t\t\t\t\t\t\t\t\t\t<\/div>\n\t\t\t\t<div class=\"elementor-element elementor-element-2339b73c elementor-widget elementor-widget-button\" data-id=\"2339b73c\" data-element_type=\"widget\" data-e-type=\"widget\" data-widget_type=\"button.default\">\n\t\t\t\t\t\t\t\t\t\t<a class=\"elementor-button elementor-button-link elementor-size-sm\" href=\"#\">\n\t\t\t\t\t\t<span class=\"elementor-button-content-wrapper\">\n\t\t\t\t\t\t<span class=\"elementor-button-icon\">\n\t\t\t\t<svg aria-hidden=\"true\" class=\"e-font-icon-svg e-fas-arrow-right\" viewBox=\"0 0 448 512\" xmlns=\"http:\/\/www.w3.org\/2000\/svg\"><path d=\"M190.5 66.9l22.2-22.2c9.4-9.4 24.6-9.4 33.9 0L441 239c9.4 9.4 9.4 24.6 0 33.9L246.6 467.3c-9.4 9.4-24.6 9.4-33.9 0l-22.2-22.2c-9.5-9.5-9.3-25 .4-34.3L311.4 296H24c-13.3 0-24-10.7-24-24v-32c0-13.3 10.7-24 24-24h287.4L190.9 101.2c-9.8-9.3-10-24.8-.4-34.3z\"><\/path><\/svg>\t\t\t<\/span>\n\t\t\t\t\t\t\t\t\t<span class=\"elementor-button-text\">Solicitar Cota\u00e7\u00e3o de IBCs e Tambores<\/span>\n\t\t\t\t\t<\/span>\n\t\t\t\t\t<\/a>\n\t\t\t\t\t\t\t\t<\/div>\n\t\t\t\t\t<\/div>\n\t\t\t\t<\/div>\n\t\t\t\t<\/div>\n\t\t","protected":false},"excerpt":{"rendered":"<p>solu\u00e7\u00f5es para alimentos e bebidas Solu\u00e7\u00f5es Completas em Embalagens para o Setor de Alimentos e Bebidas. M\u00e1xima higiene, atoxicidade e conformidade sanit\u00e1ria para o transporte de insumos, l\u00edquidos e ingredientes. Falar com consultor de grau aliment\u00edcio Expertise Tecnotam no Setor Entendemos o rigor da ind\u00fastria aliment\u00edcia. Por isso, oferecemos um portf\u00f3lio de embalagens at\u00f3xicas que [&hellip;]<\/p>\n","protected":false},"author":1,"featured_media":0,"parent":0,"menu_order":0,"comment_status":"closed","ping_status":"closed","template":"","meta":{"footnotes":""},"class_list":["post-714","page","type-page","status-publish","hentry"],"_links":{"self":[{"href":"https:\/\/staging.letrade.com.br\/tecnotam\/wp-json\/wp\/v2\/pages\/714","targetHints":{"allow":["GET"]}}],"collection":[{"href":"https:\/\/staging.letrade.com.br\/tecnotam\/wp-json\/wp\/v2\/pages"}],"about":[{"href":"https:\/\/staging.letrade.com.br\/tecnotam\/wp-json\/wp\/v2\/types\/page"}],"author":[{"embeddable":true,"href":"https:\/\/staging.letrade.com.br\/tecnotam\/wp-json\/wp\/v2\/users\/1"}],"replies":[{"embeddable":true,"href":"https:\/\/staging.letrade.com.br\/tecnotam\/wp-json\/wp\/v2\/comments?post=714"}],"version-history":[{"count":13,"href":"https:\/\/staging.letrade.com.br\/tecnotam\/wp-json\/wp\/v2\/pages\/714\/revisions"}],"predecessor-version":[{"id":922,"href":"https:\/\/staging.letrade.com.br\/tecnotam\/wp-json\/wp\/v2\/pages\/714\/revisions\/922"}],"wp:attachment":[{"href":"https:\/\/staging.letrade.com.br\/tecnotam\/wp-json\/wp\/v2\/media?parent=714"}],"curies":[{"name":"wp","href":"https:\/\/api.w.org\/{rel}","templated":true}]}}