{"id":234,"date":"2026-03-16T19:35:37","date_gmt":"2026-03-16T19:35:37","guid":{"rendered":"http:\/\/tecnotam-site-novo.local\/?page_id=234"},"modified":"2026-04-27T19:38:39","modified_gmt":"2026-04-27T19:38:39","slug":"empresa","status":"publish","type":"page","link":"https:\/\/staging.letrade.com.br\/tecnotam\/empresa\/","title":{"rendered":"Empresa"},"content":{"rendered":"\t\t<div data-elementor-type=\"wp-page\" data-elementor-id=\"234\" class=\"elementor elementor-234\" data-elementor-post-type=\"page\">\n\t\t\t\t<div class=\"elementor-element elementor-element-36d74cd e-flex e-con-boxed e-con e-parent\" data-id=\"36d74cd\" data-element_type=\"container\" data-e-type=\"container\" data-settings=\"{&quot;background_background&quot;:&quot;classic&quot;}\">\n\t\t\t\t\t<div class=\"e-con-inner\">\n\t\t\t\t<div class=\"elementor-element elementor-element-8bf0c88 elementor-widget elementor-widget-text-editor\" data-id=\"8bf0c88\" data-element_type=\"widget\" data-e-type=\"widget\" data-widget_type=\"text-editor.default\">\n\t\t\t\t\t\t\t\t\t<p>nossa hist\u00f3ria<\/p>\t\t\t\t\t\t\t\t<\/div>\n\t\t\t\t<div class=\"elementor-element elementor-element-bef8b4e elementor-widget__width-initial elementor-widget elementor-widget-heading\" data-id=\"bef8b4e\" data-element_type=\"widget\" data-e-type=\"widget\" data-widget_type=\"heading.default\">\n\t\t\t\t\t<h1 class=\"elementor-heading-title elementor-size-default\">25 Anos de Intelig\u00eancia e Confian\u00e7a na Ind\u00fastria<\/h1>\t\t\t\t<\/div>\n\t\t\t\t<div class=\"elementor-element elementor-element-8938a95 elementor-widget__width-initial elementor-widget elementor-widget-text-editor\" data-id=\"8938a95\" data-element_type=\"widget\" data-e-type=\"widget\" data-widget_type=\"text-editor.default\">\n\t\t\t\t\t\t\t\t\t<p><span style=\"font-weight: 400;\">Uma trajet\u00f3ria pautada pela inova\u00e7\u00e3o, seguran\u00e7a operacional e respeito ao meio ambiente.<\/span><\/p>\t\t\t\t\t\t\t\t<\/div>\n\t\t\t\t<div class=\"elementor-element elementor-element-2e5c20d elementor-widget elementor-widget-button\" data-id=\"2e5c20d\" data-element_type=\"widget\" data-e-type=\"widget\" data-widget_type=\"button.default\">\n\t\t\t\t\t\t\t\t\t\t<a class=\"elementor-button elementor-button-link elementor-size-sm\" href=\"https:\/\/www.youtube.com\/watch?v=f2HESZkNXfs&#038;\" target=\"_blank\" rel=\"nofollow\">\n\t\t\t\t\t\t<span class=\"elementor-button-content-wrapper\">\n\t\t\t\t\t\t<span class=\"elementor-button-icon\">\n\t\t\t\t<svg aria-hidden=\"true\" class=\"e-font-icon-svg e-fas-arrow-right\" viewBox=\"0 0 448 512\" xmlns=\"http:\/\/www.w3.org\/2000\/svg\"><path d=\"M190.5 66.9l22.2-22.2c9.4-9.4 24.6-9.4 33.9 0L441 239c9.4 9.4 9.4 24.6 0 33.9L246.6 467.3c-9.4 9.4-24.6 9.4-33.9 0l-22.2-22.2c-9.5-9.5-9.3-25 .4-34.3L311.4 296H24c-13.3 0-24-10.7-24-24v-32c0-13.3 10.7-24 24-24h287.4L190.9 101.2c-9.8-9.3-10-24.8-.4-34.3z\"><\/path><\/svg>\t\t\t<\/span>\n\t\t\t\t\t\t\t\t\t<span class=\"elementor-button-text\">Assista nosso v\u00eddeo institucional<\/span>\n\t\t\t\t\t<\/span>\n\t\t\t\t\t<\/a>\n\t\t\t\t\t\t\t\t<\/div>\n\t\t\t\t\t<\/div>\n\t\t\t\t<\/div>\n\t\t<div class=\"elementor-element elementor-element-85cadd3 e-flex e-con-boxed e-con e-parent\" data-id=\"85cadd3\" data-element_type=\"container\" data-e-type=\"container\">\n\t\t\t\t\t<div class=\"e-con-inner\">\n\t\t<div class=\"elementor-element elementor-element-7cd081d e-con-full e-flex e-con e-child\" data-id=\"7cd081d\" data-element_type=\"container\" data-e-type=\"container\" data-settings=\"{&quot;background_background&quot;:&quot;classic&quot;}\">\n\t\t\t\t<div class=\"elementor-element elementor-element-b307280 elementor-widget__width-auto elementor-widget elementor-widget-heading\" data-id=\"b307280\" data-element_type=\"widget\" data-e-type=\"widget\" data-widget_type=\"heading.default\">\n\t\t\t\t\t<h2 class=\"elementor-heading-title elementor-size-default\">Quem somos<\/h2>\t\t\t\t<\/div>\n\t\t\t\t<div class=\"elementor-element elementor-element-4fc2925 elementor-widget__width-initial elementor-widget elementor-widget-text-editor\" data-id=\"4fc2925\" data-element_type=\"widget\" data-e-type=\"widget\" data-widget_type=\"text-editor.default\">\n\t\t\t\t\t\t\t\t\t<p><span style=\"font-weight: 400;\">Fundada em 2001, a Tecnotam consolidou-se como refer\u00eancia nacional na fabrica\u00e7\u00e3o de IBCs e gest\u00e3o de embalagens. Com uma unidade industrial estrat\u00e9gica em Balsa Nova (PR), unimos capacidade produtiva de ponta a um compromisso inegoci\u00e1vel com a economia circular. Somos uma empresa 100% brasileira, movida pelo desafio de entregar seguran\u00e7a m\u00e1xima para os setores mais exigentes do mercado.<\/span><\/p>\t\t\t\t\t\t\t\t<\/div>\n\t\t\t\t<div class=\"elementor-element elementor-element-4d667fb elementor-widget__width-inherit elementor-widget elementor-widget-image\" data-id=\"4d667fb\" data-element_type=\"widget\" data-e-type=\"widget\" data-widget_type=\"image.default\">\n\t\t\t\t\t\t\t\t\t\t\t\t\t\t\t<img fetchpriority=\"high\" decoding=\"async\" width=\"800\" height=\"450\" src=\"https:\/\/staging.letrade.com.br\/tecnotam\/wp-content\/uploads\/2026\/04\/home-hero-1024x576.webp\" class=\"attachment-large size-large wp-image-768\" alt=\"\" srcset=\"https:\/\/staging.letrade.com.br\/tecnotam\/wp-content\/uploads\/2026\/04\/home-hero-1024x576.webp 1024w, https:\/\/staging.letrade.com.br\/tecnotam\/wp-content\/uploads\/2026\/04\/home-hero-300x169.webp 300w, https:\/\/staging.letrade.com.br\/tecnotam\/wp-content\/uploads\/2026\/04\/home-hero-768x432.webp 768w, https:\/\/staging.letrade.com.br\/tecnotam\/wp-content\/uploads\/2026\/04\/home-hero-1536x864.webp 1536w, https:\/\/staging.letrade.com.br\/tecnotam\/wp-content\/uploads\/2026\/04\/home-hero.webp 1920w\" sizes=\"(max-width: 800px) 100vw, 800px\" \/>\t\t\t\t\t\t\t\t\t\t\t\t\t\t\t<\/div>\n\t\t\t\t<\/div>\n\t\t\t\t\t<\/div>\n\t\t\t\t<\/div>\n\t\t<div class=\"elementor-element elementor-element-cd4c1e4 e-flex e-con-boxed e-con e-parent\" data-id=\"cd4c1e4\" data-element_type=\"container\" data-e-type=\"container\" data-settings=\"{&quot;background_background&quot;:&quot;classic&quot;}\">\n\t\t\t\t\t<div class=\"e-con-inner\">\n\t\t<div class=\"elementor-element elementor-element-0c10536 e-con-full e-flex e-con e-child\" data-id=\"0c10536\" data-element_type=\"container\" data-e-type=\"container\" data-settings=\"{&quot;sticky&quot;:&quot;top&quot;,&quot;sticky_offset&quot;:120,&quot;sticky_anchor_link_offset&quot;:120,&quot;sticky_parent&quot;:&quot;yes&quot;,&quot;sticky_on&quot;:[&quot;desktop&quot;,&quot;laptop&quot;],&quot;sticky_effects_offset&quot;:0}\">\n\t\t\t\t<div class=\"elementor-element elementor-element-472166b elementor-widget elementor-widget-text-editor\" data-id=\"472166b\" data-element_type=\"widget\" data-e-type=\"widget\" data-widget_type=\"text-editor.default\">\n\t\t\t\t\t\t\t\t\t<p>linha do tempo<\/p>\t\t\t\t\t\t\t\t<\/div>\n\t\t\t\t<div class=\"elementor-element elementor-element-b283a29 elementor-widget__width-auto elementor-widget elementor-widget-heading\" data-id=\"b283a29\" data-element_type=\"widget\" data-e-type=\"widget\" data-widget_type=\"heading.default\">\n\t\t\t\t\t<h2 class=\"elementor-heading-title elementor-size-default\">Nossa hist\u00f3ria<\/h2>\t\t\t\t<\/div>\n\t\t\t\t<\/div>\n\t\t<div class=\"elementor-element elementor-element-62dabc4 e-con-full e-flex e-con e-child\" data-id=\"62dabc4\" data-element_type=\"container\" data-e-type=\"container\">\n\t\t\t\t<div class=\"elementor-element elementor-element-6054b52 elementor-widget__width-auto elementor-widget elementor-widget-heading\" data-id=\"6054b52\" data-element_type=\"widget\" data-e-type=\"widget\" data-widget_type=\"heading.default\">\n\t\t\t\t\t<h2 class=\"elementor-heading-title elementor-size-default\">2001<\/h2>\t\t\t\t<\/div>\n\t\t\t\t<div class=\"elementor-element elementor-element-470908b elementor-widget__width-auto elementor-widget elementor-widget-text-editor\" data-id=\"470908b\" data-element_type=\"widget\" data-e-type=\"widget\" data-widget_type=\"text-editor.default\">\n\t\t\t\t\t\t\t\t\t<p><span style=\"font-weight: 400;\">Funda\u00e7\u00e3o da Tecnotam e in\u00edcio das opera\u00e7\u00f5es.<\/span><\/p>\t\t\t\t\t\t\t\t<\/div>\n\t\t\t\t<\/div>\n\t\t<div class=\"elementor-element elementor-element-b96a3c1 e-con-full e-flex e-con e-child\" data-id=\"b96a3c1\" data-element_type=\"container\" data-e-type=\"container\" data-settings=\"{&quot;motion_fx_motion_fx_scrolling&quot;:&quot;yes&quot;,&quot;motion_fx_opacity_effect&quot;:&quot;yes&quot;,&quot;motion_fx_opacity_range&quot;:{&quot;unit&quot;:&quot;%&quot;,&quot;size&quot;:&quot;&quot;,&quot;sizes&quot;:{&quot;start&quot;:22,&quot;end&quot;:35}},&quot;motion_fx_opacity_direction&quot;:&quot;out-in&quot;,&quot;motion_fx_opacity_level&quot;:{&quot;unit&quot;:&quot;px&quot;,&quot;size&quot;:10,&quot;sizes&quot;:[]},&quot;motion_fx_devices&quot;:[&quot;desktop&quot;,&quot;laptop&quot;,&quot;tablet&quot;,&quot;mobile&quot;]}\">\n\t\t\t\t<div class=\"elementor-element elementor-element-c83231b elementor-widget__width-auto elementor-widget elementor-widget-heading\" data-id=\"c83231b\" data-element_type=\"widget\" data-e-type=\"widget\" data-widget_type=\"heading.default\">\n\t\t\t\t\t<h2 class=\"elementor-heading-title elementor-size-default\">2010<\/h2>\t\t\t\t<\/div>\n\t\t\t\t<div class=\"elementor-element elementor-element-e140513 elementor-widget__width-initial elementor-widget elementor-widget-text-editor\" data-id=\"e140513\" data-element_type=\"widget\" data-e-type=\"widget\" data-widget_type=\"text-editor.default\">\n\t\t\t\t\t\t\t\t\t<p><span style=\"font-weight: 400;\">Expans\u00e3o da capacidade fabril e certifica\u00e7\u00f5es rigorosas do Inmetro<\/span><\/p>\t\t\t\t\t\t\t\t<\/div>\n\t\t\t\t<\/div>\n\t\t<div class=\"elementor-element elementor-element-87cc831 e-con-full e-flex e-con e-child\" data-id=\"87cc831\" data-element_type=\"container\" data-e-type=\"container\" data-settings=\"{&quot;motion_fx_motion_fx_scrolling&quot;:&quot;yes&quot;,&quot;motion_fx_opacity_effect&quot;:&quot;yes&quot;,&quot;motion_fx_opacity_range&quot;:{&quot;unit&quot;:&quot;%&quot;,&quot;size&quot;:&quot;&quot;,&quot;sizes&quot;:{&quot;start&quot;:13,&quot;end&quot;:59}},&quot;motion_fx_opacity_direction&quot;:&quot;out-in&quot;,&quot;motion_fx_opacity_level&quot;:{&quot;unit&quot;:&quot;px&quot;,&quot;size&quot;:10,&quot;sizes&quot;:[]},&quot;motion_fx_devices&quot;:[&quot;desktop&quot;,&quot;laptop&quot;,&quot;tablet&quot;,&quot;mobile&quot;]}\">\n\t\t\t\t<div class=\"elementor-element elementor-element-e036929 elementor-widget__width-auto elementor-widget elementor-widget-heading\" data-id=\"e036929\" data-element_type=\"widget\" data-e-type=\"widget\" data-widget_type=\"heading.default\">\n\t\t\t\t\t<h2 class=\"elementor-heading-title elementor-size-default\">2018<\/h2>\t\t\t\t<\/div>\n\t\t\t\t<div class=\"elementor-element elementor-element-255681e elementor-widget__width-initial elementor-widget elementor-widget-text-editor\" data-id=\"255681e\" data-element_type=\"widget\" data-e-type=\"widget\" data-widget_type=\"text-editor.default\">\n\t\t\t\t\t\t\t\t\t<p><span style=\"font-weight: 400;\">\u00a0Lan\u00e7amento da marca <\/span><b>Tecnobulk<\/b><span style=\"font-weight: 400;\">, elevando o padr\u00e3o de IBCs no Brasil.<\/span><\/p>\t\t\t\t\t\t\t\t<\/div>\n\t\t\t\t<\/div>\n\t\t<div class=\"elementor-element elementor-element-98a36d9 e-con-full e-flex e-con e-child\" data-id=\"98a36d9\" data-element_type=\"container\" data-e-type=\"container\" data-settings=\"{&quot;motion_fx_motion_fx_scrolling&quot;:&quot;yes&quot;,&quot;motion_fx_opacity_effect&quot;:&quot;yes&quot;,&quot;motion_fx_opacity_range&quot;:{&quot;unit&quot;:&quot;%&quot;,&quot;size&quot;:&quot;&quot;,&quot;sizes&quot;:{&quot;start&quot;:28,&quot;end&quot;:65}},&quot;motion_fx_opacity_direction&quot;:&quot;out-in&quot;,&quot;motion_fx_opacity_level&quot;:{&quot;unit&quot;:&quot;px&quot;,&quot;size&quot;:10,&quot;sizes&quot;:[]},&quot;motion_fx_devices&quot;:[&quot;desktop&quot;,&quot;laptop&quot;,&quot;tablet&quot;,&quot;mobile&quot;]}\">\n\t\t\t\t<div class=\"elementor-element elementor-element-83d288f elementor-widget__width-auto elementor-widget elementor-widget-heading\" data-id=\"83d288f\" data-element_type=\"widget\" data-e-type=\"widget\" data-widget_type=\"heading.default\">\n\t\t\t\t\t<h2 class=\"elementor-heading-title elementor-size-default\">2023<\/h2>\t\t\t\t<\/div>\n\t\t\t\t<div class=\"elementor-element elementor-element-f22997b elementor-widget__width-initial elementor-widget elementor-widget-text-editor\" data-id=\"f22997b\" data-element_type=\"widget\" data-e-type=\"widget\" data-widget_type=\"text-editor.default\">\n\t\t\t\t\t\t\t\t\t<p><span style=\"font-weight: 400;\">Integra\u00e7\u00e3o da <\/span><b>Beback<\/b><span style=\"font-weight: 400;\"> como bra\u00e7o log\u00edstico pr\u00f3prio, garantindo rastreabilidade total.<\/span><\/p>\t\t\t\t\t\t\t\t<\/div>\n\t\t\t\t<\/div>\n\t\t<div class=\"elementor-element elementor-element-7b542bc e-con-full e-flex e-con e-child\" data-id=\"7b542bc\" data-element_type=\"container\" data-e-type=\"container\" data-settings=\"{&quot;motion_fx_motion_fx_scrolling&quot;:&quot;yes&quot;,&quot;motion_fx_opacity_effect&quot;:&quot;yes&quot;,&quot;motion_fx_opacity_range&quot;:{&quot;unit&quot;:&quot;%&quot;,&quot;size&quot;:&quot;&quot;,&quot;sizes&quot;:{&quot;start&quot;:60,&quot;end&quot;:77}},&quot;motion_fx_opacity_direction&quot;:&quot;out-in&quot;,&quot;motion_fx_opacity_level&quot;:{&quot;unit&quot;:&quot;px&quot;,&quot;size&quot;:10,&quot;sizes&quot;:[]},&quot;motion_fx_devices&quot;:[&quot;desktop&quot;,&quot;laptop&quot;,&quot;tablet&quot;,&quot;mobile&quot;]}\">\n\t\t\t\t<div class=\"elementor-element elementor-element-9e49789 elementor-widget__width-auto elementor-widget elementor-widget-heading\" data-id=\"9e49789\" data-element_type=\"widget\" data-e-type=\"widget\" data-widget_type=\"heading.default\">\n\t\t\t\t\t<h2 class=\"elementor-heading-title elementor-size-default\">2026<\/h2>\t\t\t\t<\/div>\n\t\t\t\t<div class=\"elementor-element elementor-element-7a4d5ea elementor-widget__width-initial elementor-widget elementor-widget-text-editor\" data-id=\"7a4d5ea\" data-element_type=\"widget\" data-e-type=\"widget\" data-widget_type=\"text-editor.default\">\n\t\t\t\t\t\t\t\t\t<p><span style=\"font-weight: 400;\">Consolida\u00e7\u00e3o do ecossistema ESG e lideran\u00e7a em solu\u00e7\u00f5es de ciclo fechado.<\/span><\/p>\t\t\t\t\t\t\t\t<\/div>\n\t\t\t\t<\/div>\n\t\t\t\t\t<\/div>\n\t\t\t\t<\/div>\n\t\t<div class=\"elementor-element elementor-element-1c61b49 e-flex e-con-boxed e-con e-parent\" data-id=\"1c61b49\" data-element_type=\"container\" data-e-type=\"container\">\n\t\t\t\t\t<div class=\"e-con-inner\">\n\t\t<div class=\"elementor-element elementor-element-a3d66f9 e-grid e-con-full e-con e-child\" data-id=\"a3d66f9\" data-element_type=\"container\" data-e-type=\"container\">\n\t\t<div class=\"elementor-element elementor-element-daec4e0 e-con-full e-flex e-con e-child\" data-id=\"daec4e0\" data-element_type=\"container\" data-e-type=\"container\" data-settings=\"{&quot;background_background&quot;:&quot;classic&quot;}\">\n\t\t\t\t<div class=\"elementor-element elementor-element-7730bab elementor-widget elementor-widget-heading\" data-id=\"7730bab\" data-element_type=\"widget\" data-e-type=\"widget\" data-widget_type=\"heading.default\">\n\t\t\t\t\t<h2 class=\"elementor-heading-title elementor-size-default\">Miss\u00e3o<\/h2>\t\t\t\t<\/div>\n\t\t\t\t<div class=\"elementor-element elementor-element-a19c1ca elementor-widget elementor-widget-text-editor\" data-id=\"a19c1ca\" data-element_type=\"widget\" data-e-type=\"widget\" data-widget_type=\"text-editor.default\">\n\t\t\t\t\t\t\t\t\t<p><span style=\"font-weight: 400;\">Prover solu\u00e7\u00f5es de envase e log\u00edstica de embalagens que garantam a m\u00e1xima seguran\u00e7a para as pessoas e para o planeta.<\/span><\/p>\t\t\t\t\t\t\t\t<\/div>\n\t\t\t\t<\/div>\n\t\t<div class=\"elementor-element elementor-element-6f62bdb e-con-full e-flex e-con e-child\" data-id=\"6f62bdb\" data-element_type=\"container\" data-e-type=\"container\" data-settings=\"{&quot;background_background&quot;:&quot;classic&quot;}\">\n\t\t\t\t<div class=\"elementor-element elementor-element-05ad96f elementor-widget elementor-widget-heading\" data-id=\"05ad96f\" data-element_type=\"widget\" data-e-type=\"widget\" data-widget_type=\"heading.default\">\n\t\t\t\t\t<h2 class=\"elementor-heading-title elementor-size-default\">Vis\u00e3o<\/h2>\t\t\t\t<\/div>\n\t\t\t\t<div class=\"elementor-element elementor-element-254ec09 elementor-widget elementor-widget-text-editor\" data-id=\"254ec09\" data-element_type=\"widget\" data-e-type=\"widget\" data-widget_type=\"text-editor.default\">\n\t\t\t\t\t\t\t\t\t<p><span style=\"font-weight: 400;\">Ser o principal parceiro estrat\u00e9gico das ind\u00fastrias na transi\u00e7\u00e3o para uma cadeia de suprimentos de baixo impacto ambiental.<\/span><\/p>\t\t\t\t\t\t\t\t<\/div>\n\t\t\t\t<\/div>\n\t\t<div class=\"elementor-element elementor-element-c27d703 e-con-full e-flex e-con e-child\" data-id=\"c27d703\" data-element_type=\"container\" data-e-type=\"container\" data-settings=\"{&quot;background_background&quot;:&quot;classic&quot;}\">\n\t\t\t\t<div class=\"elementor-element elementor-element-eef1942 elementor-widget elementor-widget-heading\" data-id=\"eef1942\" data-element_type=\"widget\" data-e-type=\"widget\" data-widget_type=\"heading.default\">\n\t\t\t\t\t<h2 class=\"elementor-heading-title elementor-size-default\">Valores<\/h2>\t\t\t\t<\/div>\n\t\t\t\t<div class=\"elementor-element elementor-element-fbd856a elementor-widget elementor-widget-text-editor\" data-id=\"fbd856a\" data-element_type=\"widget\" data-e-type=\"widget\" data-widget_type=\"text-editor.default\">\n\t\t\t\t\t\t\t\t\t<p><b>Seguran\u00e7a em Primeiro Lugar:<\/b><span style=\"font-weight: 400;\"> Risco zero em todas as etapas.<\/span><\/p><p><b>Inova\u00e7\u00e3o Sustent\u00e1vel:<\/b><span style=\"font-weight: 400;\"> Tecnologia a servi\u00e7o do meio ambiente.<\/span><\/p><p><b>\u00c9tica e Transpar\u00eancia:<\/b><span style=\"font-weight: 400;\"> Governan\u00e7a s\u00f3lida em todas as rela\u00e7\u00f5es.<\/span><\/p>\t\t\t\t\t\t\t\t<\/div>\n\t\t\t\t<\/div>\n\t\t\t\t<\/div>\n\t\t\t\t\t<\/div>\n\t\t\t\t<\/div>\n\t\t<div class=\"elementor-element elementor-element-4f6c7dc e-flex e-con-boxed e-con e-parent\" data-id=\"4f6c7dc\" data-element_type=\"container\" data-e-type=\"container\" data-settings=\"{&quot;background_background&quot;:&quot;classic&quot;}\">\n\t\t\t\t\t<div class=\"e-con-inner\">\n\t\t\t\t<div class=\"elementor-element elementor-element-cd61ef1 elementor-widget__width-inherit elementor-widget elementor-widget-heading\" data-id=\"cd61ef1\" data-element_type=\"widget\" data-e-type=\"widget\" data-widget_type=\"heading.default\">\n\t\t\t\t\t<h2 class=\"elementor-heading-title elementor-size-default\">Diferencias que nos movem<\/h2>\t\t\t\t<\/div>\n\t\t\t\t<div class=\"elementor-element elementor-element-9361018 elementor-widget__width-inherit elementor-widget-divider--view-line elementor-widget elementor-widget-divider\" data-id=\"9361018\" data-element_type=\"widget\" data-e-type=\"widget\" data-widget_type=\"divider.default\">\n\t\t\t\t\t\t\t<div class=\"elementor-divider\">\n\t\t\t<span class=\"elementor-divider-separator\">\n\t\t\t\t\t\t<\/span>\n\t\t<\/div>\n\t\t\t\t\t\t<\/div>\n\t\t\t\t<div class=\"elementor-element elementor-element-f9029c0 elementor-widget__width-initial elementor-widget elementor-widget-text-editor\" data-id=\"f9029c0\" data-element_type=\"widget\" data-e-type=\"widget\" data-widget_type=\"text-editor.default\">\n\t\t\t\t\t\t\t\t\t<p><b style=\"color: #dfff85;\">Tecnologia Pr\u00f3pria<\/b><br \/>Equipamentos de \u00faltima gera\u00e7\u00e3o para a produ\u00e7\u00e3o de IBCs (Tecnobulk) e Tambores.<\/p>\t\t\t\t\t\t\t\t<\/div>\n\t\t\t\t<div class=\"elementor-element elementor-element-75efb3a elementor-widget__width-initial elementor-widget elementor-widget-text-editor\" data-id=\"75efb3a\" data-element_type=\"widget\" data-e-type=\"widget\" data-widget_type=\"text-editor.default\">\n\t\t\t\t\t\t\t\t\t<p><b style=\"color: #dfff85;\">Presen\u00e7a Nacional<\/b><br \/>Localiza\u00e7\u00e3o estrat\u00e9gica para atendimento \u00e1gil aos grandes polos industriais.<\/p>\t\t\t\t\t\t\t\t<\/div>\n\t\t\t\t<div class=\"elementor-element elementor-element-610f9aa elementor-widget__width-initial elementor-widget elementor-widget-text-editor\" data-id=\"610f9aa\" data-element_type=\"widget\" data-e-type=\"widget\" data-widget_type=\"text-editor.default\">\n\t\t\t\t\t\t\t\t\t<p><b style=\"color: #dfff85;\">Ecossistema Completo<\/b><br \/>\u00danica empresa que fabrica, transporta, higieniza e destina, fechando o ciclo da embalagem.<\/p>\t\t\t\t\t\t\t\t<\/div>\n\t\t\t\t<div class=\"elementor-element elementor-element-a79cbca elementor-widget__width-initial elementor-widget elementor-widget-image\" data-id=\"a79cbca\" data-element_type=\"widget\" data-e-type=\"widget\" data-widget_type=\"image.default\">\n\t\t\t\t\t\t\t\t\t\t\t\t\t\t\t<img decoding=\"async\" width=\"800\" height=\"241\" src=\"https:\/\/staging.letrade.com.br\/tecnotam\/wp-content\/uploads\/2026\/03\/Logo-Branca-1024x309.png\" class=\"attachment-large size-large wp-image-21\" alt=\"\" srcset=\"https:\/\/staging.letrade.com.br\/tecnotam\/wp-content\/uploads\/2026\/03\/Logo-Branca-1024x309.png 1024w, https:\/\/staging.letrade.com.br\/tecnotam\/wp-content\/uploads\/2026\/03\/Logo-Branca-300x91.png 300w, https:\/\/staging.letrade.com.br\/tecnotam\/wp-content\/uploads\/2026\/03\/Logo-Branca-768x232.png 768w, https:\/\/staging.letrade.com.br\/tecnotam\/wp-content\/uploads\/2026\/03\/Logo-Branca.png 1292w\" sizes=\"(max-width: 800px) 100vw, 800px\" \/>\t\t\t\t\t\t\t\t\t\t\t\t\t\t\t<\/div>\n\t\t\t\t\t<\/div>\n\t\t\t\t<\/div>\n\t\t<div class=\"elementor-element elementor-element-28bc1ee e-flex e-con-boxed e-con e-parent\" data-id=\"28bc1ee\" data-element_type=\"container\" data-e-type=\"container\" data-settings=\"{&quot;background_background&quot;:&quot;classic&quot;}\">\n\t\t\t\t\t<div class=\"e-con-inner\">\n\t\t<div class=\"elementor-element elementor-element-2983809 e-con-full e-flex e-con e-child\" data-id=\"2983809\" data-element_type=\"container\" data-e-type=\"container\" data-settings=\"{&quot;background_background&quot;:&quot;classic&quot;}\">\n\t\t\t\t<div class=\"elementor-element elementor-element-2e9f41c elementor-widget__width-auto elementor-widget elementor-widget-heading\" data-id=\"2e9f41c\" data-element_type=\"widget\" data-e-type=\"widget\" data-widget_type=\"heading.default\">\n\t\t\t\t\t<h2 class=\"elementor-heading-title elementor-size-default\">Al\u00e9m do lucro, o impacto<\/h2>\t\t\t\t<\/div>\n\t\t\t\t<div class=\"elementor-element elementor-element-7abb02e elementor-widget__width-initial elementor-widget-mobile__width-initial elementor-widget elementor-widget-text-editor\" data-id=\"7abb02e\" data-element_type=\"widget\" data-e-type=\"widget\" data-widget_type=\"text-editor.default\">\n\t\t\t\t\t\t\t\t\t<p><span style=\"font-weight: 400;\">Nossa gest\u00e3o \u00e9 pautada pelos pilares ESG. Monitoramos nossa pegada de carbono e investimos constantemente em projetos sociais e ambientais que transformam a comunidade ao nosso redor.<\/span><\/p>\t\t\t\t\t\t\t\t<\/div>\n\t\t\t\t<div class=\"elementor-element elementor-element-92feed9 elementor-widget elementor-widget-button\" data-id=\"92feed9\" data-element_type=\"widget\" data-e-type=\"widget\" data-widget_type=\"button.default\">\n\t\t\t\t\t\t\t\t\t\t<a class=\"elementor-button elementor-button-link elementor-size-sm\" href=\"\/tecnotam\/esg\" target=\"_blank\" rel=\"nofollow\">\n\t\t\t\t\t\t<span class=\"elementor-button-content-wrapper\">\n\t\t\t\t\t\t<span class=\"elementor-button-icon\">\n\t\t\t\t<svg aria-hidden=\"true\" class=\"e-font-icon-svg e-fas-leaf\" viewBox=\"0 0 576 512\" xmlns=\"http:\/\/www.w3.org\/2000\/svg\"><path d=\"M546.2 9.7c-5.6-12.5-21.6-13-28.3-1.2C486.9 62.4 431.4 96 368 96h-80C182 96 96 182 96 288c0 7 .8 13.7 1.5 20.5C161.3 262.8 253.4 224 384 224c8.8 0 16 7.2 16 16s-7.2 16-16 16C132.6 256 26 410.1 2.4 468c-6.6 16.3 1.2 34.9 17.5 41.6 16.4 6.8 35-1.1 41.8-17.3 1.5-3.6 20.9-47.9 71.9-90.6 32.4 43.9 94 85.8 174.9 77.2C465.5 467.5 576 326.7 576 154.3c0-50.2-10.8-102.2-29.8-144.6z\"><\/path><\/svg>\t\t\t<\/span>\n\t\t\t\t\t\t\t\t\t<span class=\"elementor-button-text\">Conhe\u00e7a nossas pr\u00e1ticas ESG<\/span>\n\t\t\t\t\t<\/span>\n\t\t\t\t\t<\/a>\n\t\t\t\t\t\t\t\t<\/div>\n\t\t\t\t<\/div>\n\t\t\t\t\t<\/div>\n\t\t\t\t<\/div>\n\t\t\t\t<\/div>\n\t\t","protected":false},"excerpt":{"rendered":"<p>nossa hist\u00f3ria 25 Anos de Intelig\u00eancia e Confian\u00e7a na Ind\u00fastria Uma trajet\u00f3ria pautada pela inova\u00e7\u00e3o, seguran\u00e7a operacional e respeito ao meio ambiente. Assista nosso v\u00eddeo institucional Quem somos Fundada em 2001, a Tecnotam consolidou-se como refer\u00eancia nacional na fabrica\u00e7\u00e3o de IBCs e gest\u00e3o de embalagens. Com uma unidade industrial estrat\u00e9gica em Balsa Nova (PR), unimos [&hellip;]<\/p>\n","protected":false},"author":1,"featured_media":0,"parent":0,"menu_order":0,"comment_status":"closed","ping_status":"closed","template":"","meta":{"footnotes":""},"class_list":["post-234","page","type-page","status-publish","hentry"],"_links":{"self":[{"href":"https:\/\/staging.letrade.com.br\/tecnotam\/wp-json\/wp\/v2\/pages\/234","targetHints":{"allow":["GET"]}}],"collection":[{"href":"https:\/\/staging.letrade.com.br\/tecnotam\/wp-json\/wp\/v2\/pages"}],"about":[{"href":"https:\/\/staging.letrade.com.br\/tecnotam\/wp-json\/wp\/v2\/types\/page"}],"author":[{"embeddable":true,"href":"https:\/\/staging.letrade.com.br\/tecnotam\/wp-json\/wp\/v2\/users\/1"}],"replies":[{"embeddable":true,"href":"https:\/\/staging.letrade.com.br\/tecnotam\/wp-json\/wp\/v2\/comments?post=234"}],"version-history":[{"count":40,"href":"https:\/\/staging.letrade.com.br\/tecnotam\/wp-json\/wp\/v2\/pages\/234\/revisions"}],"predecessor-version":[{"id":931,"href":"https:\/\/staging.letrade.com.br\/tecnotam\/wp-json\/wp\/v2\/pages\/234\/revisions\/931"}],"wp:attachment":[{"href":"https:\/\/staging.letrade.com.br\/tecnotam\/wp-json\/wp\/v2\/media?parent=234"}],"curies":[{"name":"wp","href":"https:\/\/api.w.org\/{rel}","templated":true}]}}