{"id":59,"date":"2025-11-21T14:49:14","date_gmt":"2025-11-21T14:49:14","guid":{"rendered":"http:\/\/medical.local\/?page_id=59"},"modified":"2026-03-02T16:33:45","modified_gmt":"2026-03-02T16:33:45","slug":"sobre-a-medical","status":"publish","type":"page","link":"https:\/\/staging.letrade.com.br\/medical\/sobre-a-medical\/","title":{"rendered":"Sobre a Medical"},"content":{"rendered":"\t\t<div data-elementor-type=\"wp-page\" data-elementor-id=\"59\" class=\"elementor elementor-59\" data-elementor-post-type=\"page\">\n\t\t\t\t<div class=\"elementor-element elementor-element-93c9689 e-flex e-con-boxed e-con e-parent\" data-id=\"93c9689\" data-element_type=\"container\" data-e-type=\"container\" data-settings=\"{&quot;background_background&quot;:&quot;classic&quot;}\">\n\t\t\t\t\t<div class=\"e-con-inner\">\n\t\t\t\t<div class=\"elementor-element elementor-element-1e531aa elementor-widget__width-initial elementor-widget elementor-widget-heading\" data-id=\"1e531aa\" data-element_type=\"widget\" data-e-type=\"widget\" data-widget_type=\"heading.default\">\n\t\t\t\t\t<h2 class=\"elementor-heading-title elementor-size-default\">Uma empresa constru\u00edda para entregar confian\u00e7a em cada etapa<\/h2>\t\t\t\t<\/div>\n\t\t\t\t<div class=\"elementor-element elementor-element-1918352 elementor-widget__width-initial elementor-widget elementor-widget-text-editor\" data-id=\"1918352\" data-element_type=\"widget\" data-e-type=\"widget\" data-widget_type=\"text-editor.default\">\n\t\t\t\t\t\t\t\t\tA Medical Instruments Group nasceu da uni\u00e3o entre organiza\u00e7\u00e3o, padr\u00e3o de processo e compromisso com quem est\u00e1 na linha de frente do cuidado. Mais do que fornecer produtos, trabalhamos para simplificar rotinas, sustentar decis\u00f5es com informa\u00e7\u00f5es claras e manter uma rela\u00e7\u00e3o pr\u00f3xima com profissionais e equipes respons\u00e1veis por especifica\u00e7\u00e3o, compra e reposi\u00e7\u00e3o.\t\t\t\t\t\t\t\t<\/div>\n\t\t\t\t<div class=\"elementor-element elementor-element-5943d2d elementor-icon-list--layout-inline elementor-widget__width-initial elementor-list-item-link-full_width elementor-widget elementor-widget-icon-list\" data-id=\"5943d2d\" data-element_type=\"widget\" data-e-type=\"widget\" data-widget_type=\"icon-list.default\">\n\t\t\t\t\t\t\t<ul class=\"elementor-icon-list-items elementor-inline-items\">\n\t\t\t\t\t\t\t<li class=\"elementor-icon-list-item elementor-inline-item\">\n\t\t\t\t\t\t\t\t\t\t\t<span class=\"elementor-icon-list-icon\">\n\t\t\t\t\t\t\t<svg aria-hidden=\"true\" class=\"e-font-icon-svg e-fas-check\" viewBox=\"0 0 512 512\" xmlns=\"http:\/\/www.w3.org\/2000\/svg\"><path d=\"M173.898 439.404l-166.4-166.4c-9.997-9.997-9.997-26.206 0-36.204l36.203-36.204c9.997-9.998 26.207-9.998 36.204 0L192 312.69 432.095 72.596c9.997-9.997 26.207-9.997 36.204 0l36.203 36.204c9.997 9.997 9.997 26.206 0 36.204l-294.4 294.401c-9.998 9.997-26.207 9.997-36.204-.001z\"><\/path><\/svg>\t\t\t\t\t\t<\/span>\n\t\t\t\t\t\t\t\t\t\t<span class=\"elementor-icon-list-text\">Compromisso com padr\u00e3o<\/span>\n\t\t\t\t\t\t\t\t\t<\/li>\n\t\t\t\t\t\t\t\t<li class=\"elementor-icon-list-item elementor-inline-item\">\n\t\t\t\t\t\t\t\t\t\t\t<span class=\"elementor-icon-list-icon\">\n\t\t\t\t\t\t\t<svg aria-hidden=\"true\" class=\"e-font-icon-svg e-fas-times\" viewBox=\"0 0 352 512\" xmlns=\"http:\/\/www.w3.org\/2000\/svg\"><path d=\"M242.72 256l100.07-100.07c12.28-12.28 12.28-32.19 0-44.48l-22.24-22.24c-12.28-12.28-32.19-12.28-44.48 0L176 189.28 75.93 89.21c-12.28-12.28-32.19-12.28-44.48 0L9.21 111.45c-12.28 12.28-12.28 32.19 0 44.48L109.28 256 9.21 356.07c-12.28 12.28-12.28 32.19 0 44.48l22.24 22.24c12.28 12.28 32.2 12.28 44.48 0L176 322.72l100.07 100.07c12.28 12.28 32.2 12.28 44.48 0l22.24-22.24c12.28-12.28 12.28-32.19 0-44.48L242.72 256z\"><\/path><\/svg>\t\t\t\t\t\t<\/span>\n\t\t\t\t\t\t\t\t\t\t<span class=\"elementor-icon-list-text\">Atendimento pr\u00f3ximo<\/span>\n\t\t\t\t\t\t\t\t\t<\/li>\n\t\t\t\t\t\t\t\t<li class=\"elementor-icon-list-item elementor-inline-item\">\n\t\t\t\t\t\t\t\t\t\t\t<span class=\"elementor-icon-list-icon\">\n\t\t\t\t\t\t\t<svg aria-hidden=\"true\" class=\"e-font-icon-svg e-fas-check\" viewBox=\"0 0 512 512\" xmlns=\"http:\/\/www.w3.org\/2000\/svg\"><path d=\"M173.898 439.404l-166.4-166.4c-9.997-9.997-9.997-26.206 0-36.204l36.203-36.204c9.997-9.998 26.207-9.998 36.204 0L192 312.69 432.095 72.596c9.997-9.997 26.207-9.997 36.204 0l36.203 36.204c9.997 9.997 9.997 26.206 0 36.204l-294.4 294.401c-9.998 9.997-26.207 9.997-36.204-.001z\"><\/path><\/svg>\t\t\t\t\t\t<\/span>\n\t\t\t\t\t\t\t\t\t\t<span class=\"elementor-icon-list-text\">Know-how t\u00e9cnico<\/span>\n\t\t\t\t\t\t\t\t\t<\/li>\n\t\t\t\t\t\t<\/ul>\n\t\t\t\t\t\t<\/div>\n\t\t\t\t<div class=\"elementor-element elementor-element-8e8dc5e elementor-align-justify elementor-widget elementor-widget-button\" data-id=\"8e8dc5e\" data-element_type=\"widget\" data-e-type=\"widget\" data-widget_type=\"button.default\">\n\t\t\t\t\t\t\t\t\t\t<a class=\"elementor-button elementor-button-link elementor-size-sm\" href=\"#\">\n\t\t\t\t\t\t<span class=\"elementor-button-content-wrapper\">\n\t\t\t\t\t\t\t\t\t<span class=\"elementor-button-text\">Fale com a Medical<\/span>\n\t\t\t\t\t<\/span>\n\t\t\t\t\t<\/a>\n\t\t\t\t\t\t\t\t<\/div>\n\t\t\t\t\t<\/div>\n\t\t\t\t<\/div>\n\t\t<div class=\"elementor-element elementor-element-2576e3a e-flex e-con-boxed e-con e-parent\" data-id=\"2576e3a\" data-element_type=\"container\" data-e-type=\"container\" data-settings=\"{&quot;background_background&quot;:&quot;classic&quot;}\">\n\t\t\t\t\t<div class=\"e-con-inner\">\n\t\t<div class=\"elementor-element elementor-element-e76f904 e-con-full e-flex e-con e-child\" data-id=\"e76f904\" data-element_type=\"container\" data-e-type=\"container\" data-settings=\"{&quot;background_background&quot;:&quot;classic&quot;}\">\n\t\t\t\t<div class=\"elementor-element elementor-element-7dbe640 elementor-widget elementor-widget-heading\" data-id=\"7dbe640\" data-element_type=\"widget\" data-e-type=\"widget\" data-widget_type=\"heading.default\">\n\t\t\t\t\t<h3 class=\"elementor-heading-title elementor-size-default\">Atendimento que acompanha o processo<\/h3>\t\t\t\t<\/div>\n\t\t\t\t<div class=\"elementor-element elementor-element-3babe4a elementor-widget elementor-widget-text-editor\" data-id=\"3babe4a\" data-element_type=\"widget\" data-e-type=\"widget\" data-widget_type=\"text-editor.default\">\n\t\t\t\t\t\t\t\t\tAgilidade, disponibilidade e aten\u00e7\u00e3o ao contexto de cada solicita\u00e7\u00e3o \u2014 para orientar, resolver e manter a rotina fluindo.\t\t\t\t\t\t\t\t<\/div>\n\t\t\t\t<\/div>\n\t\t<div class=\"elementor-element elementor-element-02d5e46 e-con-full e-flex e-con e-child\" data-id=\"02d5e46\" data-element_type=\"container\" data-e-type=\"container\" data-settings=\"{&quot;background_background&quot;:&quot;classic&quot;}\">\n\t\t\t\t<div class=\"elementor-element elementor-element-3c92f09 elementor-widget elementor-widget-heading\" data-id=\"3c92f09\" data-element_type=\"widget\" data-e-type=\"widget\" data-widget_type=\"heading.default\">\n\t\t\t\t\t<h3 class=\"elementor-heading-title elementor-size-default\">Padr\u00e3o que facilita a rotina<\/h3>\t\t\t\t<\/div>\n\t\t\t\t<div class=\"elementor-element elementor-element-ee8b75a elementor-widget elementor-widget-text-editor\" data-id=\"ee8b75a\" data-element_type=\"widget\" data-e-type=\"widget\" data-widget_type=\"text-editor.default\">\n\t\t\t\t\t\t\t\t\tTrabalhamos com organiza\u00e7\u00e3o e consist\u00eancia para reduzir ru\u00eddos, acelerar decis\u00f5es e apoiar equipes com informa\u00e7\u00f5es objetivas\t\t\t\t\t\t\t\t<\/div>\n\t\t\t\t<\/div>\n\t\t<div class=\"elementor-element elementor-element-fb07b3e e-con-full e-flex e-con e-child\" data-id=\"fb07b3e\" data-element_type=\"container\" data-e-type=\"container\" data-settings=\"{&quot;background_background&quot;:&quot;classic&quot;}\">\n\t\t\t\t<div class=\"elementor-element elementor-element-581a9a4 elementor-widget__width-auto elementor-widget elementor-widget-heading\" data-id=\"581a9a4\" data-element_type=\"widget\" data-e-type=\"widget\" data-widget_type=\"heading.default\">\n\t\t\t\t\t<h3 class=\"elementor-heading-title elementor-size-default\">Responsabilidade e compromisso<\/h3>\t\t\t\t<\/div>\n\t\t\t\t<div class=\"elementor-element elementor-element-495a83d elementor-widget elementor-widget-text-editor\" data-id=\"495a83d\" data-element_type=\"widget\" data-e-type=\"widget\" data-widget_type=\"text-editor.default\">\n\t\t\t\t\t\t\t\t\tNossa cultura \u00e9 guiada por seriedade, melhoria cont\u00ednua e respeito \u00e0s exig\u00eancias do setor \u2014 com foco em confian\u00e7a e seguran\u00e7a.\t\t\t\t\t\t\t\t<\/div>\n\t\t\t\t<\/div>\n\t\t\t\t\t<\/div>\n\t\t\t\t<\/div>\n\t\t<div class=\"elementor-element elementor-element-c7972c7 e-flex e-con-boxed e-con e-parent\" data-id=\"c7972c7\" data-element_type=\"container\" data-e-type=\"container\">\n\t\t\t\t\t<div class=\"e-con-inner\">\n\t\t<div class=\"elementor-element elementor-element-9c82794 e-con-full e-flex e-con e-child\" data-id=\"9c82794\" data-element_type=\"container\" data-e-type=\"container\">\n\t\t\t\t<div class=\"elementor-element elementor-element-0335b8b elementor-widget elementor-widget-image\" data-id=\"0335b8b\" data-element_type=\"widget\" data-e-type=\"widget\" data-widget_type=\"image.default\">\n\t\t\t\t\t\t\t\t\t\t\t\t\t\t\t<img fetchpriority=\"high\" decoding=\"async\" width=\"800\" height=\"800\" src=\"https:\/\/staging.letrade.com.br\/medical\/wp-content\/uploads\/2026\/03\/5-1024x1024.jpg\" class=\"attachment-large size-large wp-image-635\" alt=\"\" srcset=\"https:\/\/staging.letrade.com.br\/medical\/wp-content\/uploads\/2026\/03\/5-1024x1024.jpg 1024w, https:\/\/staging.letrade.com.br\/medical\/wp-content\/uploads\/2026\/03\/5-300x300.jpg 300w, https:\/\/staging.letrade.com.br\/medical\/wp-content\/uploads\/2026\/03\/5-150x150.jpg 150w, https:\/\/staging.letrade.com.br\/medical\/wp-content\/uploads\/2026\/03\/5-768x768.jpg 768w, https:\/\/staging.letrade.com.br\/medical\/wp-content\/uploads\/2026\/03\/5.jpg 1496w\" sizes=\"(max-width: 800px) 100vw, 800px\" \/>\t\t\t\t\t\t\t\t\t\t\t\t\t\t\t<\/div>\n\t\t\t\t<\/div>\n\t\t<div class=\"elementor-element elementor-element-b7e68a5 e-con-full e-flex e-con e-child\" data-id=\"b7e68a5\" data-element_type=\"container\" data-e-type=\"container\">\n\t\t\t\t<div class=\"elementor-element elementor-element-fab4549 elementor-widget elementor-widget-heading\" data-id=\"fab4549\" data-element_type=\"widget\" data-e-type=\"widget\" data-widget_type=\"heading.default\">\n\t\t\t\t\t<h2 class=\"elementor-heading-title elementor-size-default\">sobre a empresa<\/h2>\t\t\t\t<\/div>\n\t\t\t\t<div class=\"elementor-element elementor-element-7ba0dc6 elementor-widget elementor-widget-heading\" data-id=\"7ba0dc6\" data-element_type=\"widget\" data-e-type=\"widget\" data-widget_type=\"heading.default\">\n\t\t\t\t\t<h2 class=\"elementor-heading-title elementor-size-default\">Confian\u00e7a constru\u00edda com processo, padr\u00e3o e atendimento<\/h2>\t\t\t\t<\/div>\n\t\t\t\t<div class=\"elementor-element elementor-element-c6c3928 elementor-widget elementor-widget-text-editor\" data-id=\"c6c3928\" data-element_type=\"widget\" data-e-type=\"widget\" data-widget_type=\"text-editor.default\">\n\t\t\t\t\t\t\t\t\tA Medical Instruments Group re\u00fane pessoas, rotinas e parceiros com uma vis\u00e3o em comum: fazer bem-feito, com transpar\u00eancia e consist\u00eancia. Nosso trabalho \u00e9 sustentado por processos claros, comunica\u00e7\u00e3o direta e uma postura de colabora\u00e7\u00e3o com quem especifica e utiliza. Assim, entregamos uma experi\u00eancia mais organizada e profissional \u2014 do suporte inicial \u00e0 continuidade do relacionamento.\t\t\t\t\t\t\t\t<\/div>\n\t\t\t\t<div class=\"elementor-element elementor-element-3a4c0c4 elementor-align-justify elementor-widget elementor-widget-button\" data-id=\"3a4c0c4\" data-element_type=\"widget\" data-e-type=\"widget\" data-widget_type=\"button.default\">\n\t\t\t\t\t\t\t\t\t\t<a class=\"elementor-button elementor-button-link elementor-size-sm\" href=\"#\">\n\t\t\t\t\t\t<span class=\"elementor-button-content-wrapper\">\n\t\t\t\t\t\t\t\t\t<span class=\"elementor-button-text\">Saiba mais sobre a Medical<\/span>\n\t\t\t\t\t<\/span>\n\t\t\t\t\t<\/a>\n\t\t\t\t\t\t\t\t<\/div>\n\t\t\t\t<\/div>\n\t\t\t\t\t<\/div>\n\t\t\t\t<\/div>\n\t\t<div class=\"elementor-element elementor-element-a0748ea bg-hide-mobile e-flex e-con-boxed e-con e-parent\" data-id=\"a0748ea\" data-element_type=\"container\" data-e-type=\"container\" data-settings=\"{&quot;background_background&quot;:&quot;classic&quot;}\">\n\t\t\t\t\t<div class=\"e-con-inner\">\n\t\t\t\t<div class=\"elementor-element elementor-element-84b9778 elementor-widget elementor-widget-heading\" data-id=\"84b9778\" data-element_type=\"widget\" data-e-type=\"widget\" data-widget_type=\"heading.default\">\n\t\t\t\t\t<h2 class=\"elementor-heading-title elementor-size-default\">FALE COM A MEDICAL<\/h2>\t\t\t\t<\/div>\n\t\t\t\t<div class=\"elementor-element elementor-element-a9210b1 elementor-widget__width-initial elementor-widget elementor-widget-heading\" data-id=\"a9210b1\" data-element_type=\"widget\" data-e-type=\"widget\" data-widget_type=\"heading.default\">\n\t\t\t\t\t<h2 class=\"elementor-heading-title elementor-size-default\">Um canal direto para orientar, atender e dar suporte<\/h2>\t\t\t\t<\/div>\n\t\t\t\t<div class=\"elementor-element elementor-element-6d214b1 elementor-widget__width-initial elementor-widget elementor-widget-text-editor\" data-id=\"6d214b1\" data-element_type=\"widget\" data-e-type=\"widget\" data-widget_type=\"text-editor.default\">\n\t\t\t\t\t\t\t\t\tEntre em contato para tirar d\u00favidas, receber direcionamento e falar com nosso time. Estamos prontos para apoiar sua demanda com clareza e agilidade.\t\t\t\t\t\t\t\t<\/div>\n\t\t\t\t<div class=\"elementor-element elementor-element-d475dff elementor-align-justify elementor-widget elementor-widget-button\" data-id=\"d475dff\" data-element_type=\"widget\" data-e-type=\"widget\" data-widget_type=\"button.default\">\n\t\t\t\t\t\t\t\t\t\t<a class=\"elementor-button elementor-button-link elementor-size-sm\" href=\"#\">\n\t\t\t\t\t\t<span class=\"elementor-button-content-wrapper\">\n\t\t\t\t\t\t\t\t\t<span class=\"elementor-button-text\">Fale conosco<\/span>\n\t\t\t\t\t<\/span>\n\t\t\t\t\t<\/a>\n\t\t\t\t\t\t\t\t<\/div>\n\t\t\t\t\t<\/div>\n\t\t\t\t<\/div>\n\t\t\t\t<\/div>\n\t\t","protected":false},"excerpt":{"rendered":"<p>Uma empresa constru\u00edda para entregar confian\u00e7a em cada etapa A Medical Instruments Group nasceu da uni\u00e3o entre organiza\u00e7\u00e3o, padr\u00e3o de processo e compromisso com quem est\u00e1 na linha de frente do cuidado. Mais do que fornecer produtos, trabalhamos para simplificar rotinas, sustentar decis\u00f5es com informa\u00e7\u00f5es claras e manter uma rela\u00e7\u00e3o pr\u00f3xima com profissionais e equipes [&hellip;]<\/p>\n","protected":false},"author":1,"featured_media":0,"parent":0,"menu_order":0,"comment_status":"closed","ping_status":"closed","template":"","meta":{"_acf_changed":false,"footnotes":""},"class_list":["post-59","page","type-page","status-publish","hentry"],"acf":[],"_links":{"self":[{"href":"https:\/\/staging.letrade.com.br\/medical\/wp-json\/wp\/v2\/pages\/59","targetHints":{"allow":["GET"]}}],"collection":[{"href":"https:\/\/staging.letrade.com.br\/medical\/wp-json\/wp\/v2\/pages"}],"about":[{"href":"https:\/\/staging.letrade.com.br\/medical\/wp-json\/wp\/v2\/types\/page"}],"author":[{"embeddable":true,"href":"https:\/\/staging.letrade.com.br\/medical\/wp-json\/wp\/v2\/users\/1"}],"replies":[{"embeddable":true,"href":"https:\/\/staging.letrade.com.br\/medical\/wp-json\/wp\/v2\/comments?post=59"}],"version-history":[{"count":16,"href":"https:\/\/staging.letrade.com.br\/medical\/wp-json\/wp\/v2\/pages\/59\/revisions"}],"predecessor-version":[{"id":638,"href":"https:\/\/staging.letrade.com.br\/medical\/wp-json\/wp\/v2\/pages\/59\/revisions\/638"}],"wp:attachment":[{"href":"https:\/\/staging.letrade.com.br\/medical\/wp-json\/wp\/v2\/media?parent=59"}],"curies":[{"name":"wp","href":"https:\/\/api.w.org\/{rel}","templated":true}]}}